{"id":1236,"date":"2021-01-12T07:40:01","date_gmt":"2021-01-12T07:40:01","guid":{"rendered":"http:\/\/www.zirveaksesuar.com\/?page_id=1236"},"modified":"2021-01-15T10:12:32","modified_gmt":"2021-01-15T10:12:32","slug":"tela-cesitleri","status":"publish","type":"page","link":"http:\/\/www.zirveaksesuar.com\/index.php\/tela-cesitleri\/","title":{"rendered":"Tela \u00c7e\u015fitleri"},"content":{"rendered":"\t\t<div data-elementor-type=\"wp-page\" data-elementor-id=\"1236\" class=\"elementor elementor-1236\" data-elementor-settings=\"[]\">\n\t\t\t\t\t\t<div class=\"elementor-inner\">\n\t\t\t\t\t\t\t<div class=\"elementor-section-wrap\">\n\t\t\t\t\t\t\t<section class=\"elementor-section elementor-top-section elementor-element elementor-element-092b972 elementor-section-boxed elementor-section-height-default elementor-section-height-default\" data-id=\"092b972\" data-element_type=\"section\">\n\t\t\t\t\t\t<div class=\"elementor-container elementor-column-gap-default\">\n\t\t\t\t\t\t\t<div class=\"elementor-row\">\n\t\t\t\t\t<div class=\"elementor-column elementor-col-100 elementor-top-column elementor-element elementor-element-2055995\" data-id=\"2055995\" data-element_type=\"column\">\n\t\t\t<div class=\"elementor-column-wrap elementor-element-populated\">\n\t\t\t\t\t\t\t<div class=\"elementor-widget-wrap\">\n\t\t\t\t\t\t<section class=\"elementor-section elementor-inner-section elementor-element elementor-element-4e1dc76 elementor-section-boxed elementor-section-height-default elementor-section-height-default\" data-id=\"4e1dc76\" data-element_type=\"section\">\n\t\t\t\t\t\t<div class=\"elementor-container elementor-column-gap-default\">\n\t\t\t\t\t\t\t<div class=\"elementor-row\">\n\t\t\t\t\t<div class=\"elementor-column elementor-col-100 elementor-inner-column elementor-element elementor-element-2c5df08\" data-id=\"2c5df08\" data-element_type=\"column\">\n\t\t\t<div class=\"elementor-column-wrap elementor-element-populated\">\n\t\t\t\t\t\t\t<div class=\"elementor-widget-wrap\">\n\t\t\t\t\t\t<div class=\"elementor-element elementor-element-1e3f2af elementor-widget elementor-widget-heading\" data-id=\"1e3f2af\" data-element_type=\"widget\" data-widget_type=\"heading.default\">\n\t\t\t\t<div class=\"elementor-widget-container\">\n\t\t\t<h1 class=\"elementor-heading-title elementor-size-default\"><ya-tr-span data-index=\"440-0\" data-value=\"\" data-translation=\"\" data-type=\"trSpan\">TELA \u00c7E\u015e\u0130TLER\u0130<\/ya-tr-span><\/h1>\t\t<\/div>\n\t\t\t\t<\/div>\n\t\t\t\t\t\t<\/div>\n\t\t\t\t\t<\/div>\n\t\t<\/div>\n\t\t\t\t\t\t\t\t<\/div>\n\t\t\t\t\t<\/div>\n\t\t<\/section>\n\t\t\t\t\t\t<\/div>\n\t\t\t\t\t<\/div>\n\t\t<\/div>\n\t\t\t\t\t\t\t\t<\/div>\n\t\t\t\t\t<\/div>\n\t\t<\/section>\n\t\t\t\t<section class=\"elementor-section elementor-top-section elementor-element elementor-element-13a1efa elementor-section-stretched elementor-section-boxed elementor-section-height-default elementor-section-height-default\" data-id=\"13a1efa\" data-element_type=\"section\" data-settings=\"{&quot;stretch_section&quot;:&quot;section-stretched&quot;}\">\n\t\t\t\t\t\t<div class=\"elementor-container elementor-column-gap-default\">\n\t\t\t\t\t\t\t<div class=\"elementor-row\">\n\t\t\t\t\t<div class=\"elementor-column elementor-col-100 elementor-top-column elementor-element elementor-element-6a529ab\" data-id=\"6a529ab\" data-element_type=\"column\">\n\t\t\t<div class=\"elementor-column-wrap elementor-element-populated\">\n\t\t\t\t\t\t\t<div class=\"elementor-widget-wrap\">\n\t\t\t\t\t\t<section class=\"elementor-section elementor-inner-section elementor-element elementor-element-05e1497 elementor-section-boxed elementor-section-height-default elementor-section-height-default\" data-id=\"05e1497\" data-element_type=\"section\">\n\t\t\t\t\t\t<div class=\"elementor-container elementor-column-gap-default\">\n\t\t\t\t\t\t\t<div class=\"elementor-row\">\n\t\t\t\t\t<div class=\"elementor-column elementor-col-50 elementor-inner-column elementor-element elementor-element-851baea\" data-id=\"851baea\" data-element_type=\"column\">\n\t\t\t<div class=\"elementor-column-wrap elementor-element-populated\">\n\t\t\t\t\t\t\t<div class=\"elementor-widget-wrap\">\n\t\t\t\t\t\t<div class=\"elementor-element elementor-element-00cff10 elementor-widget elementor-widget-image\" data-id=\"00cff10\" data-element_type=\"widget\" data-widget_type=\"image.default\">\n\t\t\t\t<div class=\"elementor-widget-container\">\n\t\t\t\t\t<div class=\"elementor-image\">\n\t\t\t\t\t\t\t\t\t\t\t<a href=\"http:\/\/www.zirveaksesuar.com\/index.php\/konfeksiyon-telasi\/\">\n\t\t\t\t\t\t\t<img width=\"400\" height=\"400\" src=\"http:\/\/www.zirveaksesuar.com\/wp-content\/uploads\/2021\/01\/admin-ajax.png\" class=\"elementor-animation-grow attachment-large size-large\" alt=\"\" loading=\"lazy\" srcset=\"http:\/\/www.zirveaksesuar.com\/wp-content\/uploads\/2021\/01\/admin-ajax.png 400w, http:\/\/www.zirveaksesuar.com\/wp-content\/uploads\/2021\/01\/admin-ajax-300x300.png 300w, http:\/\/www.zirveaksesuar.com\/wp-content\/uploads\/2021\/01\/admin-ajax-150x150.png 150w\" sizes=\"(max-width: 400px) 100vw, 400px\" \/>\t\t\t\t\t\t\t\t<\/a>\n\t\t\t\t\t\t\t\t\t\t\t<\/div>\n\t\t\t\t<\/div>\n\t\t\t\t<\/div>\n\t\t\t\t\t\t<\/div>\n\t\t\t\t\t<\/div>\n\t\t<\/div>\n\t\t\t\t<div class=\"elementor-column elementor-col-50 elementor-inner-column elementor-element elementor-element-3b663f7\" data-id=\"3b663f7\" data-element_type=\"column\">\n\t\t\t<div class=\"elementor-column-wrap elementor-element-populated\">\n\t\t\t\t\t\t\t<div class=\"elementor-widget-wrap\">\n\t\t\t\t\t\t<div class=\"elementor-element elementor-element-a02ac93 elementor-widget elementor-widget-image\" data-id=\"a02ac93\" data-element_type=\"widget\" data-widget_type=\"image.default\">\n\t\t\t\t<div class=\"elementor-widget-container\">\n\t\t\t\t\t<div class=\"elementor-image\">\n\t\t\t\t\t\t\t\t\t\t\t<a href=\"http:\/\/www.zirveaksesuar.com\/index.php\/nakis-telasi\/\">\n\t\t\t\t\t\t\t<img width=\"400\" height=\"400\" src=\"http:\/\/www.zirveaksesuar.com\/wp-content\/uploads\/2021\/01\/admin-ajax-1.png\" class=\"elementor-animation-grow attachment-large size-large\" alt=\"\" loading=\"lazy\" srcset=\"http:\/\/www.zirveaksesuar.com\/wp-content\/uploads\/2021\/01\/admin-ajax-1.png 400w, http:\/\/www.zirveaksesuar.com\/wp-content\/uploads\/2021\/01\/admin-ajax-1-300x300.png 300w, http:\/\/www.zirveaksesuar.com\/wp-content\/uploads\/2021\/01\/admin-ajax-1-150x150.png 150w\" sizes=\"(max-width: 400px) 100vw, 400px\" \/>\t\t\t\t\t\t\t\t<\/a>\n\t\t\t\t\t\t\t\t\t\t\t<\/div>\n\t\t\t\t<\/div>\n\t\t\t\t<\/div>\n\t\t\t\t\t\t<\/div>\n\t\t\t\t\t<\/div>\n\t\t<\/div>\n\t\t\t\t\t\t\t\t<\/div>\n\t\t\t\t\t<\/div>\n\t\t<\/section>\n\t\t\t\t\t\t<\/div>\n\t\t\t\t\t<\/div>\n\t\t<\/div>\n\t\t\t\t\t\t\t\t<\/div>\n\t\t\t\t\t<\/div>\n\t\t<\/section>\n\t\t\t\t<section class=\"elementor-section elementor-top-section elementor-element elementor-element-a0963c9 elementor-section-boxed elementor-section-height-default elementor-section-height-default\" data-id=\"a0963c9\" data-element_type=\"section\">\n\t\t\t\t\t\t<div class=\"elementor-container elementor-column-gap-default\">\n\t\t\t\t\t\t\t<div class=\"elementor-row\">\n\t\t\t\t\t<div class=\"elementor-column elementor-col-100 elementor-top-column elementor-element elementor-element-27372a2\" data-id=\"27372a2\" data-element_type=\"column\">\n\t\t\t<div class=\"elementor-column-wrap elementor-element-populated\">\n\t\t\t\t\t\t\t<div class=\"elementor-widget-wrap\">\n\t\t\t\t\t\t<div class=\"elementor-element elementor-element-931e161 elementor-widget elementor-widget-image\" data-id=\"931e161\" data-element_type=\"widget\" data-widget_type=\"image.default\">\n\t\t\t\t<div class=\"elementor-widget-container\">\n\t\t\t\t\t<div class=\"elementor-image\">\n\t\t\t\t\t\t\t\t\t\t\t<a href=\"http:\/\/www.zirveaksesuar.com\/index.php\/nonwowen-tela\/\">\n\t\t\t\t\t\t\t<img width=\"750\" height=\"750\" src=\"http:\/\/www.zirveaksesuar.com\/wp-content\/uploads\/2021\/01\/DIGER-2-1024x1024.png\" class=\"elementor-animation-grow attachment-large size-large\" alt=\"\" loading=\"lazy\" srcset=\"http:\/\/www.zirveaksesuar.com\/wp-content\/uploads\/2021\/01\/DIGER-2-1024x1024.png 1024w, http:\/\/www.zirveaksesuar.com\/wp-content\/uploads\/2021\/01\/DIGER-2-300x300.png 300w, http:\/\/www.zirveaksesuar.com\/wp-content\/uploads\/2021\/01\/DIGER-2-150x150.png 150w, http:\/\/www.zirveaksesuar.com\/wp-content\/uploads\/2021\/01\/DIGER-2-768x768.png 768w, http:\/\/www.zirveaksesuar.com\/wp-content\/uploads\/2021\/01\/DIGER-2.png 1200w\" sizes=\"(max-width: 750px) 100vw, 750px\" \/>\t\t\t\t\t\t\t\t<\/a>\n\t\t\t\t\t\t\t\t\t\t\t<\/div>\n\t\t\t\t<\/div>\n\t\t\t\t<\/div>\n\t\t\t\t\t\t<\/div>\n\t\t\t\t\t<\/div>\n\t\t<\/div>\n\t\t\t\t\t\t\t\t<\/div>\n\t\t\t\t\t<\/div>\n\t\t<\/section>\n\t\t\t\t\t\t<\/div>\n\t\t\t\t\t\t<\/div>\n\t\t\t\t\t<\/div>\n\t\t","protected":false},"excerpt":{"rendered":"<p>TELA \u00c7E\u015e\u0130TLER\u0130<\/p>\n","protected":false},"author":1,"featured_media":0,"parent":0,"menu_order":0,"comment_status":"closed","ping_status":"closed","template":"","meta":[],"_links":{"self":[{"href":"http:\/\/www.zirveaksesuar.com\/index.php\/wp-json\/wp\/v2\/pages\/1236"}],"collection":[{"href":"http:\/\/www.zirveaksesuar.com\/index.php\/wp-json\/wp\/v2\/pages"}],"about":[{"href":"http:\/\/www.zirveaksesuar.com\/index.php\/wp-json\/wp\/v2\/types\/page"}],"author":[{"embeddable":true,"href":"http:\/\/www.zirveaksesuar.com\/index.php\/wp-json\/wp\/v2\/users\/1"}],"replies":[{"embeddable":true,"href":"http:\/\/www.zirveaksesuar.com\/index.php\/wp-json\/wp\/v2\/comments?post=1236"}],"version-history":[{"count":55,"href":"http:\/\/www.zirveaksesuar.com\/index.php\/wp-json\/wp\/v2\/pages\/1236\/revisions"}],"predecessor-version":[{"id":1954,"href":"http:\/\/www.zirveaksesuar.com\/index.php\/wp-json\/wp\/v2\/pages\/1236\/revisions\/1954"}],"wp:attachment":[{"href":"http:\/\/www.zirveaksesuar.com\/index.php\/wp-json\/wp\/v2\/media?parent=1236"}],"curies":[{"name":"wp","href":"https:\/\/api.w.org\/{rel}","templated":true}]}}