{"id":1252,"date":"2021-01-12T07:48:07","date_gmt":"2021-01-12T07:48:07","guid":{"rendered":"http:\/\/www.zirveaksesuar.com\/?page_id=1252"},"modified":"2021-01-12T08:42:15","modified_gmt":"2021-01-12T08:42:15","slug":"konfeksiyon-telasi","status":"publish","type":"page","link":"http:\/\/www.zirveaksesuar.com\/index.php\/konfeksiyon-telasi\/","title":{"rendered":"Konfeksiyon Telas\u0131"},"content":{"rendered":"\t\t<div data-elementor-type=\"wp-page\" data-elementor-id=\"1252\" class=\"elementor elementor-1252\" data-elementor-settings=\"[]\">\n\t\t\t\t\t\t<div class=\"elementor-inner\">\n\t\t\t\t\t\t\t<div class=\"elementor-section-wrap\">\n\t\t\t\t\t\t\t<section class=\"elementor-section elementor-top-section elementor-element elementor-element-c0323a7 elementor-section-boxed elementor-section-height-default elementor-section-height-default\" data-id=\"c0323a7\" data-element_type=\"section\">\n\t\t\t\t\t\t<div class=\"elementor-container elementor-column-gap-default\">\n\t\t\t\t\t\t\t<div class=\"elementor-row\">\n\t\t\t\t\t<div class=\"elementor-column elementor-col-100 elementor-top-column elementor-element elementor-element-b4de64a\" data-id=\"b4de64a\" data-element_type=\"column\">\n\t\t\t<div class=\"elementor-column-wrap elementor-element-populated\">\n\t\t\t\t\t\t\t<div class=\"elementor-widget-wrap\">\n\t\t\t\t\t\t<section class=\"elementor-section elementor-inner-section elementor-element elementor-element-14e368c elementor-section-boxed elementor-section-height-default elementor-section-height-default\" data-id=\"14e368c\" data-element_type=\"section\">\n\t\t\t\t\t\t<div class=\"elementor-container elementor-column-gap-default\">\n\t\t\t\t\t\t\t<div class=\"elementor-row\">\n\t\t\t\t\t<div class=\"elementor-column elementor-col-100 elementor-inner-column elementor-element elementor-element-fd60f8b\" data-id=\"fd60f8b\" data-element_type=\"column\">\n\t\t\t<div class=\"elementor-column-wrap elementor-element-populated\">\n\t\t\t\t\t\t\t<div class=\"elementor-widget-wrap\">\n\t\t\t\t\t\t<div class=\"elementor-element elementor-element-e20ab21 elementor-widget elementor-widget-heading\" data-id=\"e20ab21\" data-element_type=\"widget\" data-widget_type=\"heading.default\">\n\t\t\t\t<div class=\"elementor-widget-container\">\n\t\t\t<h2 class=\"elementor-heading-title elementor-size-default\"><ya-tr-span data-index=\"186-0\" data-value=\"Nak\u0131\u015f Telas\u0131\" data-translation=\"Nak\u0131\u015f Telas\u0131\" data-type=\"trSpan\">Konfeksiyon Telas\u0131<\/ya-tr-span><ya-tr-span data-index=\"186-0\" data-value=\"\" data-translation=\"\" data-type=\"trSpan\"><\/ya-tr-span><\/h2>\t\t<\/div>\n\t\t\t\t<\/div>\n\t\t\t\t\t\t<\/div>\n\t\t\t\t\t<\/div>\n\t\t<\/div>\n\t\t\t\t\t\t\t\t<\/div>\n\t\t\t\t\t<\/div>\n\t\t<\/section>\n\t\t\t\t\t\t<\/div>\n\t\t\t\t\t<\/div>\n\t\t<\/div>\n\t\t\t\t\t\t\t\t<\/div>\n\t\t\t\t\t<\/div>\n\t\t<\/section>\n\t\t\t\t<section class=\"elementor-section elementor-top-section elementor-element elementor-element-6f6347d elementor-section-boxed elementor-section-height-default elementor-section-height-default\" data-id=\"6f6347d\" data-element_type=\"section\">\n\t\t\t\t\t\t<div class=\"elementor-container elementor-column-gap-default\">\n\t\t\t\t\t\t\t<div class=\"elementor-row\">\n\t\t\t\t\t<div class=\"elementor-column elementor-col-100 elementor-top-column elementor-element elementor-element-29d7fe9\" data-id=\"29d7fe9\" data-element_type=\"column\">\n\t\t\t<div class=\"elementor-column-wrap elementor-element-populated\">\n\t\t\t\t\t\t\t<div class=\"elementor-widget-wrap\">\n\t\t\t\t\t\t<section class=\"elementor-section elementor-inner-section elementor-element elementor-element-bee485f elementor-section-boxed elementor-section-height-default elementor-section-height-default\" data-id=\"bee485f\" data-element_type=\"section\">\n\t\t\t\t\t\t<div class=\"elementor-container elementor-column-gap-default\">\n\t\t\t\t\t\t\t<div class=\"elementor-row\">\n\t\t\t\t\t<div class=\"elementor-column elementor-col-50 elementor-inner-column elementor-element elementor-element-551fa18\" data-id=\"551fa18\" data-element_type=\"column\">\n\t\t\t<div class=\"elementor-column-wrap elementor-element-populated\">\n\t\t\t\t\t\t\t<div class=\"elementor-widget-wrap\">\n\t\t\t\t\t\t<div class=\"elementor-element elementor-element-68a3700 elementor-widget elementor-widget-heading\" data-id=\"68a3700\" data-element_type=\"widget\" data-widget_type=\"heading.default\">\n\t\t\t\t<div class=\"elementor-widget-container\">\n\t\t\t<h2 class=\"elementor-heading-title elementor-size-default\"><p style=\"margin-top: 20px; color: rgb(0, 0, 0); font-size: 16px; font-family: Raleway, sans-serif; white-space: normal;\"><ya-tr-span data-index=\"7099-0\" data-value=\"S\u00dcPER YIRTILAN SER\u0130S\u0130\" data-translation=\"S\u00dcPER YIRTILAN SER\u0130S\u0130\" data-type=\"trSpan\"><u><ya-tr-span data-index=\"223-0\" data-value=\"S\u00dcPER YIRTILAN SER\u0130S\u0130\" data-translation=\"S\u00dcPER YIRTILAN SER\u0130S\u0130\" data-type=\"trSpan\">PASTA NOKTALI KA\u011eIT TELA<\/ya-tr-span><\/u><\/ya-tr-span><span style=\"font-family: &quot;Roboto Condensed&quot;, sans-serif; font-size: 19px; white-space: pre-wrap;\"><\/span><\/p><\/h2>\t\t<\/div>\n\t\t\t\t<\/div>\n\t\t\t\t\t\t<\/div>\n\t\t\t\t\t<\/div>\n\t\t<\/div>\n\t\t\t\t<div class=\"elementor-column elementor-col-50 elementor-inner-column elementor-element elementor-element-e3790c1\" data-id=\"e3790c1\" data-element_type=\"column\">\n\t\t\t<div class=\"elementor-column-wrap elementor-element-populated\">\n\t\t\t\t\t\t\t<div class=\"elementor-widget-wrap\">\n\t\t\t\t\t\t<div class=\"elementor-element elementor-element-3c3ae4e elementor-widget elementor-widget-heading\" data-id=\"3c3ae4e\" data-element_type=\"widget\" data-widget_type=\"heading.default\">\n\t\t\t\t<div class=\"elementor-widget-container\">\n\t\t\t<h2 class=\"elementor-heading-title elementor-size-default\"><p style=\"margin-top: 20px; color: rgb(0, 0, 0); font-size: 16px; font-family: Raleway, sans-serif; white-space: normal;\"><ya-tr-span data-index=\"7099-0\" data-value=\"S\u00dcPER YIRTILAN SER\u0130S\u0130\" data-translation=\"S\u00dcPER YIRTILAN SER\u0130S\u0130\" data-type=\"trSpan\"><u><ya-tr-span data-index=\"223-0\" data-value=\"S\u00dcPER YIRTILAN SER\u0130S\u0130\" data-translation=\"S\u00dcPER YIRTILAN SER\u0130S\u0130\" data-type=\"trSpan\">K\u0130MYASAL SIVAMA KA\u011eIT TELA<\/ya-tr-span><\/u><\/ya-tr-span><span style=\"font-family: &quot;Roboto Condensed&quot;, sans-serif; font-size: 19px; white-space: pre-wrap;\"><\/span><\/p><\/h2>\t\t<\/div>\n\t\t\t\t<\/div>\n\t\t\t\t\t\t<\/div>\n\t\t\t\t\t<\/div>\n\t\t<\/div>\n\t\t\t\t\t\t\t\t<\/div>\n\t\t\t\t\t<\/div>\n\t\t<\/section>\n\t\t\t\t<section class=\"elementor-section elementor-inner-section elementor-element elementor-element-07af89b elementor-section-boxed elementor-section-height-default elementor-section-height-default\" data-id=\"07af89b\" data-element_type=\"section\">\n\t\t\t\t\t\t<div class=\"elementor-container elementor-column-gap-default\">\n\t\t\t\t\t\t\t<div class=\"elementor-row\">\n\t\t\t\t\t<div class=\"elementor-column elementor-col-50 elementor-inner-column elementor-element elementor-element-cd1cbaf\" data-id=\"cd1cbaf\" data-element_type=\"column\">\n\t\t\t<div class=\"elementor-column-wrap elementor-element-populated\">\n\t\t\t\t\t\t\t<div class=\"elementor-widget-wrap\">\n\t\t\t\t\t\t<div class=\"elementor-element elementor-element-ccbd1b2 elementor-widget elementor-widget-image\" data-id=\"ccbd1b2\" data-element_type=\"widget\" data-widget_type=\"image.default\">\n\t\t\t\t<div class=\"elementor-widget-container\">\n\t\t\t\t\t<div class=\"elementor-image\">\n\t\t\t\t\t\t\t\t\t\t<img width=\"690\" height=\"376\" src=\"http:\/\/www.zirveaksesuar.com\/wp-content\/uploads\/2021\/01\/PASTA.png\" class=\"attachment-large size-large\" alt=\"\" loading=\"lazy\" srcset=\"http:\/\/www.zirveaksesuar.com\/wp-content\/uploads\/2021\/01\/PASTA.png 690w, http:\/\/www.zirveaksesuar.com\/wp-content\/uploads\/2021\/01\/PASTA-300x163.png 300w\" sizes=\"(max-width: 690px) 100vw, 690px\" \/>\t\t\t\t\t\t\t\t\t\t\t<\/div>\n\t\t\t\t<\/div>\n\t\t\t\t<\/div>\n\t\t\t\t\t\t<\/div>\n\t\t\t\t\t<\/div>\n\t\t<\/div>\n\t\t\t\t<div class=\"elementor-column elementor-col-50 elementor-inner-column elementor-element elementor-element-ec2c3d9\" data-id=\"ec2c3d9\" data-element_type=\"column\">\n\t\t\t<div class=\"elementor-column-wrap elementor-element-populated\">\n\t\t\t\t\t\t\t<div class=\"elementor-widget-wrap\">\n\t\t\t\t\t\t<div class=\"elementor-element elementor-element-022c53d elementor-widget elementor-widget-image\" data-id=\"022c53d\" data-element_type=\"widget\" data-widget_type=\"image.default\">\n\t\t\t\t<div class=\"elementor-widget-container\">\n\t\t\t\t\t<div class=\"elementor-image\">\n\t\t\t\t\t\t\t\t\t\t<img width=\"691\" height=\"376\" src=\"http:\/\/www.zirveaksesuar.com\/wp-content\/uploads\/2021\/01\/KIMYASAL-SIVAMA.png\" class=\"attachment-large size-large\" alt=\"\" loading=\"lazy\" srcset=\"http:\/\/www.zirveaksesuar.com\/wp-content\/uploads\/2021\/01\/KIMYASAL-SIVAMA.png 691w, http:\/\/www.zirveaksesuar.com\/wp-content\/uploads\/2021\/01\/KIMYASAL-SIVAMA-300x163.png 300w\" sizes=\"(max-width: 691px) 100vw, 691px\" \/>\t\t\t\t\t\t\t\t\t\t\t<\/div>\n\t\t\t\t<\/div>\n\t\t\t\t<\/div>\n\t\t\t\t\t\t<\/div>\n\t\t\t\t\t<\/div>\n\t\t<\/div>\n\t\t\t\t\t\t\t\t<\/div>\n\t\t\t\t\t<\/div>\n\t\t<\/section>\n\t\t\t\t<section class=\"elementor-section elementor-inner-section elementor-element elementor-element-d3f9341 elementor-section-boxed elementor-section-height-default elementor-section-height-default\" data-id=\"d3f9341\" data-element_type=\"section\">\n\t\t\t\t\t\t<div class=\"elementor-container elementor-column-gap-default\">\n\t\t\t\t\t\t\t<div class=\"elementor-row\">\n\t\t\t\t\t<div class=\"elementor-column elementor-col-50 elementor-inner-column elementor-element elementor-element-2488d42\" data-id=\"2488d42\" data-element_type=\"column\">\n\t\t\t<div class=\"elementor-column-wrap elementor-element-populated\">\n\t\t\t\t\t\t\t<div class=\"elementor-widget-wrap\">\n\t\t\t\t\t\t<div class=\"elementor-element elementor-element-f023a60 elementor-widget elementor-widget-heading\" data-id=\"f023a60\" data-element_type=\"widget\" data-widget_type=\"heading.default\">\n\t\t\t\t<div class=\"elementor-widget-container\">\n\t\t\t<h2 class=\"elementor-heading-title elementor-size-default\"><p style=\"margin-top: 20px; color: rgb(0, 0, 0); font-size: 16px; font-family: Raleway, sans-serif; white-space: normal;\"><ya-tr-span data-index=\"7099-0\" data-value=\"S\u00dcPER YIRTILAN SER\u0130S\u0130\" data-translation=\"S\u00dcPER YIRTILAN SER\u0130S\u0130\" data-type=\"trSpan\"><u><ya-tr-span data-index=\"1078-0\" data-value=\"PASTA NOKTALI KA\u011eIT TELA\" data-translation=\"PASTA NOKTALI KA\u011eIT TELA\" data-type=\"trSpan\">DOKUMA BEZ TELA 4090<\/ya-tr-span><\/u><\/ya-tr-span><span style=\"font-family: &quot;Roboto Condensed&quot;, sans-serif; font-size: 19px; white-space: pre-wrap;\"><\/span><\/p><\/h2>\t\t<\/div>\n\t\t\t\t<\/div>\n\t\t\t\t\t\t<\/div>\n\t\t\t\t\t<\/div>\n\t\t<\/div>\n\t\t\t\t<div class=\"elementor-column elementor-col-50 elementor-inner-column elementor-element elementor-element-e92c327\" data-id=\"e92c327\" data-element_type=\"column\">\n\t\t\t<div class=\"elementor-column-wrap elementor-element-populated\">\n\t\t\t\t\t\t\t<div class=\"elementor-widget-wrap\">\n\t\t\t\t\t\t<div class=\"elementor-element elementor-element-82583b3 elementor-widget elementor-widget-heading\" data-id=\"82583b3\" data-element_type=\"widget\" data-widget_type=\"heading.default\">\n\t\t\t\t<div class=\"elementor-widget-container\">\n\t\t\t<h2 class=\"elementor-heading-title elementor-size-default\"><p style=\"margin-top: 20px; color: rgb(0, 0, 0); font-size: 16px; font-family: Raleway, sans-serif; white-space: normal;\"><ya-tr-span data-index=\"7099-0\" data-value=\"S\u00dcPER YIRTILAN SER\u0130S\u0130\" data-translation=\"S\u00dcPER YIRTILAN SER\u0130S\u0130\" data-type=\"trSpan\"><u><ya-tr-span data-index=\"1115-0\" data-value=\"K\u0130MYASAL SIVAMA KA\u011eIT TELA\" data-translation=\"K\u0130MYASAL SIVAMA KA\u011eIT TELA\" data-type=\"trSpan\">DOKUMA BEZ TELA 3333<\/ya-tr-span><\/u><\/ya-tr-span><span style=\"font-family: &quot;Roboto Condensed&quot;, sans-serif; font-size: 19px; white-space: pre-wrap;\"><\/span><\/p><\/h2>\t\t<\/div>\n\t\t\t\t<\/div>\n\t\t\t\t\t\t<\/div>\n\t\t\t\t\t<\/div>\n\t\t<\/div>\n\t\t\t\t\t\t\t\t<\/div>\n\t\t\t\t\t<\/div>\n\t\t<\/section>\n\t\t\t\t<section class=\"elementor-section elementor-inner-section elementor-element elementor-element-cd126a3 elementor-section-boxed elementor-section-height-default elementor-section-height-default\" data-id=\"cd126a3\" data-element_type=\"section\">\n\t\t\t\t\t\t<div class=\"elementor-container elementor-column-gap-default\">\n\t\t\t\t\t\t\t<div class=\"elementor-row\">\n\t\t\t\t\t<div class=\"elementor-column elementor-col-50 elementor-inner-column elementor-element elementor-element-54650df\" data-id=\"54650df\" data-element_type=\"column\">\n\t\t\t<div class=\"elementor-column-wrap elementor-element-populated\">\n\t\t\t\t\t\t\t<div class=\"elementor-widget-wrap\">\n\t\t\t\t\t\t<div class=\"elementor-element elementor-element-bd3856e elementor-widget elementor-widget-image\" data-id=\"bd3856e\" data-element_type=\"widget\" data-widget_type=\"image.default\">\n\t\t\t\t<div class=\"elementor-widget-container\">\n\t\t\t\t\t<div class=\"elementor-image\">\n\t\t\t\t\t\t\t\t\t\t<img width=\"692\" height=\"378\" src=\"http:\/\/www.zirveaksesuar.com\/wp-content\/uploads\/2021\/01\/3-1.png\" class=\"attachment-large size-large\" alt=\"\" loading=\"lazy\" srcset=\"http:\/\/www.zirveaksesuar.com\/wp-content\/uploads\/2021\/01\/3-1.png 692w, http:\/\/www.zirveaksesuar.com\/wp-content\/uploads\/2021\/01\/3-1-300x164.png 300w\" sizes=\"(max-width: 692px) 100vw, 692px\" \/>\t\t\t\t\t\t\t\t\t\t\t<\/div>\n\t\t\t\t<\/div>\n\t\t\t\t<\/div>\n\t\t\t\t\t\t<\/div>\n\t\t\t\t\t<\/div>\n\t\t<\/div>\n\t\t\t\t<div class=\"elementor-column elementor-col-50 elementor-inner-column elementor-element elementor-element-4c71e7a\" data-id=\"4c71e7a\" data-element_type=\"column\">\n\t\t\t<div class=\"elementor-column-wrap elementor-element-populated\">\n\t\t\t\t\t\t\t<div class=\"elementor-widget-wrap\">\n\t\t\t\t\t\t<div class=\"elementor-element elementor-element-0a249b6 elementor-widget elementor-widget-image\" data-id=\"0a249b6\" data-element_type=\"widget\" data-widget_type=\"image.default\">\n\t\t\t\t<div class=\"elementor-widget-container\">\n\t\t\t\t\t<div class=\"elementor-image\">\n\t\t\t\t\t\t\t\t\t\t<img width=\"689\" height=\"379\" src=\"http:\/\/www.zirveaksesuar.com\/wp-content\/uploads\/2021\/01\/4-1.png\" class=\"attachment-large size-large\" alt=\"\" loading=\"lazy\" srcset=\"http:\/\/www.zirveaksesuar.com\/wp-content\/uploads\/2021\/01\/4-1.png 689w, http:\/\/www.zirveaksesuar.com\/wp-content\/uploads\/2021\/01\/4-1-300x165.png 300w\" sizes=\"(max-width: 689px) 100vw, 689px\" \/>\t\t\t\t\t\t\t\t\t\t\t<\/div>\n\t\t\t\t<\/div>\n\t\t\t\t<\/div>\n\t\t\t\t\t\t<\/div>\n\t\t\t\t\t<\/div>\n\t\t<\/div>\n\t\t\t\t\t\t\t\t<\/div>\n\t\t\t\t\t<\/div>\n\t\t<\/section>\n\t\t\t\t<section class=\"elementor-section elementor-inner-section elementor-element elementor-element-81896f9 elementor-section-boxed elementor-section-height-default elementor-section-height-default\" data-id=\"81896f9\" data-element_type=\"section\">\n\t\t\t\t\t\t<div class=\"elementor-container elementor-column-gap-default\">\n\t\t\t\t\t\t\t<div class=\"elementor-row\">\n\t\t\t\t\t<div class=\"elementor-column elementor-col-50 elementor-inner-column elementor-element elementor-element-0d6e138\" data-id=\"0d6e138\" data-element_type=\"column\">\n\t\t\t<div class=\"elementor-column-wrap elementor-element-populated\">\n\t\t\t\t\t\t\t<div class=\"elementor-widget-wrap\">\n\t\t\t\t\t\t<div class=\"elementor-element elementor-element-cc475e8 elementor-widget elementor-widget-heading\" data-id=\"cc475e8\" data-element_type=\"widget\" data-widget_type=\"heading.default\">\n\t\t\t\t<div class=\"elementor-widget-container\">\n\t\t\t<h2 class=\"elementor-heading-title elementor-size-default\"><p style=\"margin-top: 20px; color: rgb(0, 0, 0); font-size: 16px; font-family: Raleway, sans-serif; white-space: normal;\"><ya-tr-span data-index=\"7099-0\" data-value=\"S\u00dcPER YIRTILAN SER\u0130S\u0130\" data-translation=\"S\u00dcPER YIRTILAN SER\u0130S\u0130\" data-type=\"trSpan\"><u><ya-tr-span data-index=\"1424-0\" data-value=\"DOKUMA BEZ TELA 4090\" data-translation=\"DOKUMA BEZ TELA 4090\" data-type=\"trSpan\">DOKUMA BEZ TELA 4390<\/ya-tr-span><\/u><\/ya-tr-span><span style=\"font-family: &quot;Roboto Condensed&quot;, sans-serif; font-size: 19px; white-space: pre-wrap;\"><\/span><\/p><\/h2>\t\t<\/div>\n\t\t\t\t<\/div>\n\t\t\t\t\t\t<\/div>\n\t\t\t\t\t<\/div>\n\t\t<\/div>\n\t\t\t\t<div class=\"elementor-column elementor-col-50 elementor-inner-column elementor-element elementor-element-926bc6a\" data-id=\"926bc6a\" data-element_type=\"column\">\n\t\t\t<div class=\"elementor-column-wrap elementor-element-populated\">\n\t\t\t\t\t\t\t<div class=\"elementor-widget-wrap\">\n\t\t\t\t\t\t<div class=\"elementor-element elementor-element-ef17856 elementor-widget elementor-widget-heading\" data-id=\"ef17856\" data-element_type=\"widget\" data-widget_type=\"heading.default\">\n\t\t\t\t<div class=\"elementor-widget-container\">\n\t\t\t<h2 class=\"elementor-heading-title elementor-size-default\"><p style=\"margin-top: 20px; color: rgb(0, 0, 0); font-size: 16px; font-family: Raleway, sans-serif; white-space: normal;\"><ya-tr-span data-index=\"7099-0\" data-value=\"S\u00dcPER YIRTILAN SER\u0130S\u0130\" data-translation=\"S\u00dcPER YIRTILAN SER\u0130S\u0130\" data-type=\"trSpan\"><u><ya-tr-span data-index=\"1461-0\" data-value=\"DOKUMA BEZ TELA 3333\" data-translation=\"DOKUMA BEZ TELA 3333\" data-type=\"trSpan\">DOKUMA BEZ TELA 8409<\/ya-tr-span><\/u><\/ya-tr-span><span style=\"font-family: &quot;Roboto Condensed&quot;, sans-serif; font-size: 19px; white-space: pre-wrap;\"><\/span><\/p><\/h2>\t\t<\/div>\n\t\t\t\t<\/div>\n\t\t\t\t\t\t<\/div>\n\t\t\t\t\t<\/div>\n\t\t<\/div>\n\t\t\t\t\t\t\t\t<\/div>\n\t\t\t\t\t<\/div>\n\t\t<\/section>\n\t\t\t\t<section class=\"elementor-section elementor-inner-section elementor-element elementor-element-476ec5c elementor-section-boxed elementor-section-height-default elementor-section-height-default\" data-id=\"476ec5c\" data-element_type=\"section\">\n\t\t\t\t\t\t<div class=\"elementor-container elementor-column-gap-default\">\n\t\t\t\t\t\t\t<div class=\"elementor-row\">\n\t\t\t\t\t<div class=\"elementor-column elementor-col-50 elementor-inner-column elementor-element elementor-element-d56f8ba\" data-id=\"d56f8ba\" data-element_type=\"column\">\n\t\t\t<div class=\"elementor-column-wrap elementor-element-populated\">\n\t\t\t\t\t\t\t<div class=\"elementor-widget-wrap\">\n\t\t\t\t\t\t<div class=\"elementor-element elementor-element-0c8e0b6 elementor-widget elementor-widget-image\" data-id=\"0c8e0b6\" data-element_type=\"widget\" data-widget_type=\"image.default\">\n\t\t\t\t<div class=\"elementor-widget-container\">\n\t\t\t\t\t<div class=\"elementor-image\">\n\t\t\t\t\t\t\t\t\t\t<img width=\"690\" height=\"378\" src=\"http:\/\/www.zirveaksesuar.com\/wp-content\/uploads\/2021\/01\/5.png\" class=\"attachment-large size-large\" alt=\"\" loading=\"lazy\" srcset=\"http:\/\/www.zirveaksesuar.com\/wp-content\/uploads\/2021\/01\/5.png 690w, http:\/\/www.zirveaksesuar.com\/wp-content\/uploads\/2021\/01\/5-300x164.png 300w\" sizes=\"(max-width: 690px) 100vw, 690px\" \/>\t\t\t\t\t\t\t\t\t\t\t<\/div>\n\t\t\t\t<\/div>\n\t\t\t\t<\/div>\n\t\t\t\t\t\t<\/div>\n\t\t\t\t\t<\/div>\n\t\t<\/div>\n\t\t\t\t<div class=\"elementor-column elementor-col-50 elementor-inner-column elementor-element elementor-element-b4951e4\" data-id=\"b4951e4\" data-element_type=\"column\">\n\t\t\t<div class=\"elementor-column-wrap elementor-element-populated\">\n\t\t\t\t\t\t\t<div class=\"elementor-widget-wrap\">\n\t\t\t\t\t\t<div class=\"elementor-element elementor-element-3af7c91 elementor-widget elementor-widget-image\" data-id=\"3af7c91\" data-element_type=\"widget\" data-widget_type=\"image.default\">\n\t\t\t\t<div class=\"elementor-widget-container\">\n\t\t\t\t\t<div class=\"elementor-image\">\n\t\t\t\t\t\t\t\t\t\t<img width=\"695\" height=\"377\" src=\"http:\/\/www.zirveaksesuar.com\/wp-content\/uploads\/2021\/01\/6-1.png\" class=\"attachment-large size-large\" alt=\"\" loading=\"lazy\" srcset=\"http:\/\/www.zirveaksesuar.com\/wp-content\/uploads\/2021\/01\/6-1.png 695w, http:\/\/www.zirveaksesuar.com\/wp-content\/uploads\/2021\/01\/6-1-300x163.png 300w\" sizes=\"(max-width: 695px) 100vw, 695px\" \/>\t\t\t\t\t\t\t\t\t\t\t<\/div>\n\t\t\t\t<\/div>\n\t\t\t\t<\/div>\n\t\t\t\t\t\t<\/div>\n\t\t\t\t\t<\/div>\n\t\t<\/div>\n\t\t\t\t\t\t\t\t<\/div>\n\t\t\t\t\t<\/div>\n\t\t<\/section>\n\t\t\t\t<section class=\"elementor-section elementor-inner-section elementor-element elementor-element-a8465c7 elementor-section-boxed elementor-section-height-default elementor-section-height-default\" data-id=\"a8465c7\" data-element_type=\"section\">\n\t\t\t\t\t\t<div class=\"elementor-container elementor-column-gap-default\">\n\t\t\t\t\t\t\t<div class=\"elementor-row\">\n\t\t\t\t\t<div class=\"elementor-column elementor-col-50 elementor-inner-column elementor-element elementor-element-e6dc1be\" data-id=\"e6dc1be\" data-element_type=\"column\">\n\t\t\t<div class=\"elementor-column-wrap elementor-element-populated\">\n\t\t\t\t\t\t\t<div class=\"elementor-widget-wrap\">\n\t\t\t\t\t\t<div class=\"elementor-element elementor-element-1d58a8a elementor-widget elementor-widget-heading\" data-id=\"1d58a8a\" data-element_type=\"widget\" data-widget_type=\"heading.default\">\n\t\t\t\t<div class=\"elementor-widget-container\">\n\t\t\t<h2 class=\"elementor-heading-title elementor-size-default\"><p style=\"margin-top: 20px; color: rgb(0, 0, 0); font-size: 16px; font-family: Raleway, sans-serif; white-space: normal;\"><ya-tr-span data-index=\"7099-0\" data-value=\"S\u00dcPER YIRTILAN SER\u0130S\u0130\" data-translation=\"S\u00dcPER YIRTILAN SER\u0130S\u0130\" data-type=\"trSpan\"><u><ya-tr-span data-index=\"1839-0\" data-value=\"DOKUMA BEZ TELA 4390\" data-translation=\"DOKUMA BEZ TELA 4390\" data-type=\"trSpan\">DOKUMA BEZ TELA 2570<\/ya-tr-span><\/u><\/ya-tr-span><span style=\"font-family: &quot;Roboto Condensed&quot;, sans-serif; font-size: 19px; white-space: pre-wrap;\"><\/span><\/p><\/h2>\t\t<\/div>\n\t\t\t\t<\/div>\n\t\t\t\t\t\t<\/div>\n\t\t\t\t\t<\/div>\n\t\t<\/div>\n\t\t\t\t<div class=\"elementor-column elementor-col-50 elementor-inner-column elementor-element elementor-element-23b86bb\" data-id=\"23b86bb\" data-element_type=\"column\">\n\t\t\t<div class=\"elementor-column-wrap\">\n\t\t\t\t\t\t\t<div class=\"elementor-widget-wrap\">\n\t\t\t\t\t\t\t\t<\/div>\n\t\t\t\t\t<\/div>\n\t\t<\/div>\n\t\t\t\t\t\t\t\t<\/div>\n\t\t\t\t\t<\/div>\n\t\t<\/section>\n\t\t\t\t<section class=\"elementor-section elementor-inner-section elementor-element elementor-element-c21b9e4 elementor-section-boxed elementor-section-height-default elementor-section-height-default\" data-id=\"c21b9e4\" data-element_type=\"section\">\n\t\t\t\t\t\t<div class=\"elementor-container elementor-column-gap-default\">\n\t\t\t\t\t\t\t<div class=\"elementor-row\">\n\t\t\t\t\t<div class=\"elementor-column elementor-col-50 elementor-inner-column elementor-element elementor-element-ed34f7b\" data-id=\"ed34f7b\" data-element_type=\"column\">\n\t\t\t<div class=\"elementor-column-wrap elementor-element-populated\">\n\t\t\t\t\t\t\t<div class=\"elementor-widget-wrap\">\n\t\t\t\t\t\t<div class=\"elementor-element elementor-element-7d60892 elementor-widget elementor-widget-image\" data-id=\"7d60892\" data-element_type=\"widget\" data-widget_type=\"image.default\">\n\t\t\t\t<div class=\"elementor-widget-container\">\n\t\t\t\t\t<div class=\"elementor-image\">\n\t\t\t\t\t\t\t\t\t\t<img width=\"695\" height=\"379\" src=\"http:\/\/www.zirveaksesuar.com\/wp-content\/uploads\/2021\/01\/7-1.png\" class=\"attachment-large size-large\" alt=\"\" loading=\"lazy\" srcset=\"http:\/\/www.zirveaksesuar.com\/wp-content\/uploads\/2021\/01\/7-1.png 695w, http:\/\/www.zirveaksesuar.com\/wp-content\/uploads\/2021\/01\/7-1-300x164.png 300w\" sizes=\"(max-width: 695px) 100vw, 695px\" \/>\t\t\t\t\t\t\t\t\t\t\t<\/div>\n\t\t\t\t<\/div>\n\t\t\t\t<\/div>\n\t\t\t\t\t\t<\/div>\n\t\t\t\t\t<\/div>\n\t\t<\/div>\n\t\t\t\t<div class=\"elementor-column elementor-col-50 elementor-inner-column elementor-element elementor-element-9f1def6\" data-id=\"9f1def6\" data-element_type=\"column\">\n\t\t\t<div class=\"elementor-column-wrap\">\n\t\t\t\t\t\t\t<div class=\"elementor-widget-wrap\">\n\t\t\t\t\t\t\t\t<\/div>\n\t\t\t\t\t<\/div>\n\t\t<\/div>\n\t\t\t\t\t\t\t\t<\/div>\n\t\t\t\t\t<\/div>\n\t\t<\/section>\n\t\t\t\t\t\t<\/div>\n\t\t\t\t\t<\/div>\n\t\t<\/div>\n\t\t\t\t\t\t\t\t<\/div>\n\t\t\t\t\t<\/div>\n\t\t<\/section>\n\t\t\t\t\t\t<\/div>\n\t\t\t\t\t\t<\/div>\n\t\t\t\t\t<\/div>\n\t\t","protected":false},"excerpt":{"rendered":"<p>Konfeksiyon Telas\u0131 PASTA NOKTALI KA\u011eIT TELA K\u0130MYASAL SIVAMA KA\u011eIT TELA DOKUMA BEZ TELA 4090 DOKUMA BEZ TELA 3333 DOKUMA BEZ TELA 4390 DOKUMA BEZ TELA 8409 DOKUMA BEZ TELA 2570<\/p>\n","protected":false},"author":1,"featured_media":0,"parent":0,"menu_order":0,"comment_status":"closed","ping_status":"closed","template":"","meta":[],"_links":{"self":[{"href":"http:\/\/www.zirveaksesuar.com\/index.php\/wp-json\/wp\/v2\/pages\/1252"}],"collection":[{"href":"http:\/\/www.zirveaksesuar.com\/index.php\/wp-json\/wp\/v2\/pages"}],"about":[{"href":"http:\/\/www.zirveaksesuar.com\/index.php\/wp-json\/wp\/v2\/types\/page"}],"author":[{"embeddable":true,"href":"http:\/\/www.zirveaksesuar.com\/index.php\/wp-json\/wp\/v2\/users\/1"}],"replies":[{"embeddable":true,"href":"http:\/\/www.zirveaksesuar.com\/index.php\/wp-json\/wp\/v2\/comments?post=1252"}],"version-history":[{"count":22,"href":"http:\/\/www.zirveaksesuar.com\/index.php\/wp-json\/wp\/v2\/pages\/1252\/revisions"}],"predecessor-version":[{"id":1343,"href":"http:\/\/www.zirveaksesuar.com\/index.php\/wp-json\/wp\/v2\/pages\/1252\/revisions\/1343"}],"wp:attachment":[{"href":"http:\/\/www.zirveaksesuar.com\/index.php\/wp-json\/wp\/v2\/media?parent=1252"}],"curies":[{"name":"wp","href":"https:\/\/api.w.org\/{rel}","templated":true}]}}