{"id":1257,"date":"2021-01-12T07:48:36","date_gmt":"2021-01-12T07:48:36","guid":{"rendered":"http:\/\/www.zirveaksesuar.com\/?page_id=1257"},"modified":"2021-01-12T08:01:44","modified_gmt":"2021-01-12T08:01:44","slug":"nakis-telasi","status":"publish","type":"page","link":"http:\/\/www.zirveaksesuar.com\/index.php\/nakis-telasi\/","title":{"rendered":"Nak\u0131\u015f Telas\u0131"},"content":{"rendered":"\t\t<div data-elementor-type=\"wp-page\" data-elementor-id=\"1257\" class=\"elementor elementor-1257\" data-elementor-settings=\"[]\">\n\t\t\t\t\t\t<div class=\"elementor-inner\">\n\t\t\t\t\t\t\t<div class=\"elementor-section-wrap\">\n\t\t\t\t\t\t\t<section class=\"elementor-section elementor-top-section elementor-element elementor-element-b8d37d2 elementor-section-boxed elementor-section-height-default elementor-section-height-default\" data-id=\"b8d37d2\" data-element_type=\"section\">\n\t\t\t\t\t\t<div class=\"elementor-container elementor-column-gap-default\">\n\t\t\t\t\t\t\t<div class=\"elementor-row\">\n\t\t\t\t\t<div class=\"elementor-column elementor-col-100 elementor-top-column elementor-element elementor-element-803cb55\" data-id=\"803cb55\" data-element_type=\"column\">\n\t\t\t<div class=\"elementor-column-wrap elementor-element-populated\">\n\t\t\t\t\t\t\t<div class=\"elementor-widget-wrap\">\n\t\t\t\t\t\t<section class=\"elementor-section elementor-inner-section elementor-element elementor-element-b4afb5d elementor-section-boxed elementor-section-height-default elementor-section-height-default\" data-id=\"b4afb5d\" data-element_type=\"section\">\n\t\t\t\t\t\t<div class=\"elementor-container elementor-column-gap-default\">\n\t\t\t\t\t\t\t<div class=\"elementor-row\">\n\t\t\t\t\t<div class=\"elementor-column elementor-col-100 elementor-inner-column elementor-element elementor-element-4b9ce2f\" data-id=\"4b9ce2f\" data-element_type=\"column\">\n\t\t\t<div class=\"elementor-column-wrap elementor-element-populated\">\n\t\t\t\t\t\t\t<div class=\"elementor-widget-wrap\">\n\t\t\t\t\t\t<div class=\"elementor-element elementor-element-cdd30e6 elementor-widget elementor-widget-heading\" data-id=\"cdd30e6\" data-element_type=\"widget\" data-widget_type=\"heading.default\">\n\t\t\t\t<div class=\"elementor-widget-container\">\n\t\t\t<h2 class=\"elementor-heading-title elementor-size-default\">Nak\u0131\u015f Telas\u0131<\/h2>\t\t<\/div>\n\t\t\t\t<\/div>\n\t\t\t\t\t\t<\/div>\n\t\t\t\t\t<\/div>\n\t\t<\/div>\n\t\t\t\t\t\t\t\t<\/div>\n\t\t\t\t\t<\/div>\n\t\t<\/section>\n\t\t\t\t<section class=\"elementor-section elementor-inner-section elementor-element elementor-element-def016f elementor-section-boxed elementor-section-height-default elementor-section-height-default\" data-id=\"def016f\" data-element_type=\"section\">\n\t\t\t\t\t\t<div class=\"elementor-container elementor-column-gap-default\">\n\t\t\t\t\t\t\t<div class=\"elementor-row\">\n\t\t\t\t\t<div class=\"elementor-column elementor-col-100 elementor-inner-column elementor-element elementor-element-d1f37aa\" data-id=\"d1f37aa\" data-element_type=\"column\">\n\t\t\t<div class=\"elementor-column-wrap elementor-element-populated\">\n\t\t\t\t\t\t\t<div class=\"elementor-widget-wrap\">\n\t\t\t\t\t\t<div class=\"elementor-element elementor-element-578356b elementor-widget elementor-widget-heading\" data-id=\"578356b\" data-element_type=\"widget\" data-widget_type=\"heading.default\">\n\t\t\t\t<div class=\"elementor-widget-container\">\n\t\t\t<h2 class=\"elementor-heading-title elementor-size-default\"><p style=\"margin-top: 20px; color: rgb(0, 0, 0); font-size: 16px; font-family: Raleway, sans-serif; white-space: normal;\"><ya-tr-span data-index=\"7099-0\" data-value=\"S\u00dcPER YIRTILAN SER\u0130S\u0130\" data-translation=\"S\u00dcPER YIRTILAN SER\u0130S\u0130\" data-type=\"trSpan\"><u>S\u00dcPER YIRTILAN SER\u0130S\u0130<\/u><\/ya-tr-span><br><\/p><span style=\"font-family: Raleway, sans-serif; font-size: 16px; white-space: normal;\"><ya-tr-span data-index=\"7100-0\" data-value=\"S\u00fcper y\u0131rt\u0131lan nak\u0131\u015f telalar\u0131 piyasada en \u00e7ok kullan\u0131lan ve farkl\u0131 nak\u0131\u015f vuru\u015flar\u0131na en iyi kar\u015f\u0131l\u0131k veren tela tipidir. \" data-translation=\"S\u00fcper y\u0131rt\u0131lan nak\u0131\u015f telalar\u0131 piyasada en \u00e7ok kullan\u0131lan ve farkl\u0131 nak\u0131\u015f vuru\u015flar\u0131na en iyi kar\u015f\u0131l\u0131k veren tela tipidir. \" data-type=\"trSpan\">S\u00fcper y\u0131rt\u0131lan nak\u0131\u015f telalar\u0131 piyasada en \u00e7ok kullan\u0131lan ve farkl\u0131 nak\u0131\u015f vuru\u015flar\u0131na en iyi kar\u015f\u0131l\u0131k veren tela tipidir. <\/ya-tr-span><ya-tr-span data-index=\"7100-1\" data-value=\"Standart 500 serisindeki telalar kar\u0131\u015f\u0131k elyaf d\u00fczeniyle \u00fcretilmi\u015ftir ve dolay\u0131s\u0131yla her y\u00f6ne kolayca y\u0131rt\u0131lma \u00f6zelli\u011fi g\u00f6sterir. \" data-translation=\"Standart 500 serisindeki telalar kar\u0131\u015f\u0131k elyaf d\u00fczeniyle \u00fcretilmi\u015ftir ve dolay\u0131s\u0131yla her y\u00f6ne kolayca y\u0131rt\u0131lma \u00f6zelli\u011fi g\u00f6sterir. \" data-type=\"trSpan\">Standart 500 serisindeki telalar kar\u0131\u015f\u0131k elyaf d\u00fczeniyle \u00fcretilmi\u015ftir ve dolay\u0131s\u0131yla her y\u00f6ne kolayca y\u0131rt\u0131lma \u00f6zelli\u011fi g\u00f6sterir. <\/ya-tr-span><ya-tr-span data-index=\"7100-2\" data-value=\"B\u00f6ylelikle kullan\u0131c\u0131 telay\u0131 nak\u0131\u015ftan kolayl\u0131kla elleriyle temizleyebilmektedir\" data-translation=\"B\u00f6ylelikle kullan\u0131c\u0131 telay\u0131 nak\u0131\u015ftan kolayl\u0131kla elleriyle temizleyebilmektedir\" data-type=\"trSpan\">B\u00f6ylelikle kullan\u0131c\u0131 telay\u0131 nak\u0131\u015ftan kolayl\u0131kla elleriyle temizleyebilmektedir<\/ya-tr-span><\/span><ya-tr-span data-index=\"7100-2\" data-value=\"\" data-translation=\"\" data-type=\"trSpan\"><\/ya-tr-span><\/h2>\t\t<\/div>\n\t\t\t\t<\/div>\n\t\t\t\t\t\t<\/div>\n\t\t\t\t\t<\/div>\n\t\t<\/div>\n\t\t\t\t\t\t\t\t<\/div>\n\t\t\t\t\t<\/div>\n\t\t<\/section>\n\t\t\t\t\t\t<\/div>\n\t\t\t\t\t<\/div>\n\t\t<\/div>\n\t\t\t\t\t\t\t\t<\/div>\n\t\t\t\t\t<\/div>\n\t\t<\/section>\n\t\t\t\t<section class=\"elementor-section elementor-top-section elementor-element elementor-element-6ff491a elementor-section-boxed elementor-section-height-default elementor-section-height-default\" data-id=\"6ff491a\" data-element_type=\"section\">\n\t\t\t\t\t\t<div class=\"elementor-container elementor-column-gap-default\">\n\t\t\t\t\t\t\t<div class=\"elementor-row\">\n\t\t\t\t\t<div class=\"elementor-column elementor-col-100 elementor-top-column elementor-element elementor-element-ca21865\" data-id=\"ca21865\" data-element_type=\"column\">\n\t\t\t<div class=\"elementor-column-wrap elementor-element-populated\">\n\t\t\t\t\t\t\t<div class=\"elementor-widget-wrap\">\n\t\t\t\t\t\t<div class=\"elementor-element elementor-element-9c800c7 elementor-widget elementor-widget-image\" data-id=\"9c800c7\" data-element_type=\"widget\" data-widget_type=\"image.default\">\n\t\t\t\t<div class=\"elementor-widget-container\">\n\t\t\t\t\t<div class=\"elementor-image\">\n\t\t\t\t\t\t\t\t\t\t<img width=\"1461\" height=\"232\" src=\"http:\/\/www.zirveaksesuar.com\/wp-content\/uploads\/2021\/01\/Screenshot_13.png\" class=\"attachment-1536x1536 size-1536x1536\" alt=\"\" loading=\"lazy\" srcset=\"http:\/\/www.zirveaksesuar.com\/wp-content\/uploads\/2021\/01\/Screenshot_13.png 1461w, http:\/\/www.zirveaksesuar.com\/wp-content\/uploads\/2021\/01\/Screenshot_13-300x48.png 300w, http:\/\/www.zirveaksesuar.com\/wp-content\/uploads\/2021\/01\/Screenshot_13-1024x163.png 1024w, http:\/\/www.zirveaksesuar.com\/wp-content\/uploads\/2021\/01\/Screenshot_13-768x122.png 768w\" sizes=\"(max-width: 1461px) 100vw, 1461px\" \/>\t\t\t\t\t\t\t\t\t\t\t<\/div>\n\t\t\t\t<\/div>\n\t\t\t\t<\/div>\n\t\t\t\t<section class=\"elementor-section elementor-inner-section elementor-element elementor-element-28b0d3e elementor-section-boxed elementor-section-height-default elementor-section-height-default\" data-id=\"28b0d3e\" data-element_type=\"section\">\n\t\t\t\t\t\t<div class=\"elementor-container elementor-column-gap-default\">\n\t\t\t\t\t\t\t<div class=\"elementor-row\">\n\t\t\t\t\t<div class=\"elementor-column elementor-col-100 elementor-inner-column elementor-element elementor-element-11e66c3\" data-id=\"11e66c3\" data-element_type=\"column\">\n\t\t\t<div class=\"elementor-column-wrap elementor-element-populated\">\n\t\t\t\t\t\t\t<div class=\"elementor-widget-wrap\">\n\t\t\t\t\t\t<div class=\"elementor-element elementor-element-ce0a4be elementor-widget elementor-widget-heading\" data-id=\"ce0a4be\" data-element_type=\"widget\" data-widget_type=\"heading.default\">\n\t\t\t\t<div class=\"elementor-widget-container\">\n\t\t\t<h2 class=\"elementor-heading-title elementor-size-default\"><br><p class=\"lead \" style=\"margin-top: 20px; color: rgb(0, 0, 0); font-size: 16px; font-family: Raleway, sans-serif; white-space: normal;\"><ya-tr-span data-index=\"8226-0\" data-value=\"ISIYLA YAPI\u015eAN SER\u0130S\u0130\" data-translation=\"ISIYLA YAPI\u015eAN SER\u0130S\u0130\" data-type=\"trSpan\"><u>ISIYLA YAPI\u015eAN SER\u0130S\u0130<\/u><\/ya-tr-span><br><ya-tr-span data-index=\"8226-0\" data-value=\"Is\u0131yla yap\u0131\u015fan tip telalar y\u00fcksek yap\u0131\u015fkanl\u0131 \u00f6zel tip bir polietilen ile kaplanarak telan\u0131n kuma\u015fa \u0131s\u0131yla h\u0131zl\u0131 yap\u0131\u015fmas\u0131n\u0131 sa\u011flar. \" data-translation=\"Is\u0131yla yap\u0131\u015fan tip telalar y\u00fcksek yap\u0131\u015fkanl\u0131 \u00f6zel tip bir polietilen ile kaplanarak telan\u0131n kuma\u015fa \u0131s\u0131yla h\u0131zl\u0131 yap\u0131\u015fmas\u0131n\u0131 sa\u011flar. \" data-type=\"trSpan\">Is\u0131yla yap\u0131\u015fan tip telalar y\u00fcksek yap\u0131\u015fkanl\u0131 \u00f6zel tip bir polietilen ile kaplanarak telan\u0131n kuma\u015fa \u0131s\u0131yla h\u0131zl\u0131 yap\u0131\u015fmas\u0131n\u0131 sa\u011flar. <\/ya-tr-span><ya-tr-span data-index=\"8226-1\" data-value=\"\u00d6zellikle y\u00fcksek stabilite aranan, i\u015fleme s\u0131ras\u0131nda kuma\u015f kaymas\u0131n\u0131n engellenmesi istenen uygulamalar i\u00e7in idealdir\" data-translation=\"\u00d6zellikle y\u00fcksek stabilite aranan, i\u015fleme s\u0131ras\u0131nda kuma\u015f kaymas\u0131n\u0131n engellenmesi istenen uygulamalar i\u00e7in idealdir\" data-type=\"trSpan\">\u00d6zellikle y\u00fcksek stabilite aranan, i\u015fleme s\u0131ras\u0131nda kuma\u015f kaymas\u0131n\u0131n engellenmesi istenen uygulamalar i\u00e7in idealdir<\/ya-tr-span><\/p><p class=\"lead \" style=\"margin-top: 20px; color: rgb(0, 0, 0); font-size: 16px; font-family: Raleway, sans-serif; white-space: normal;\"><ya-tr-span data-index=\"8227-0\" data-value=\"SPREYL\u0130\" data-translation=\"SPREYL\u0130\" data-type=\"trSpan\"><u>SPREYL\u0130<\/u><\/ya-tr-span><br><ya-tr-span data-index=\"8227-0\" data-value=\"Spreyli telalar pahal\u0131 ya da sentetik kuma\u015flar\u0131n i\u015flendi\u011fi uygulamalarda hata kabul etmeyen ya da spreyleme a\u015famas\u0131n\u0131 atlayarak zaman kazanmak isteyen \u00fcreticiler i\u00e7in idealdir.\" data-translation=\"Spreyli telalar pahal\u0131 ya da sentetik kuma\u015flar\u0131n i\u015flendi\u011fi uygulamalarda hata kabul etmeyen ya da spreyleme a\u015famas\u0131n\u0131 atlayarak zaman kazanmak isteyen \u00fcreticiler i\u00e7in idealdir.\" data-type=\"trSpan\">Spreyli telalar pahal\u0131 ya da sentetik kuma\u015flar\u0131n i\u015flendi\u011fi uygulamalarda hata kabul etmeyen ya da spreyleme a\u015famas\u0131n\u0131 atlayarak zaman kazanmak isteyen \u00fcreticiler i\u00e7in idealdir.<\/ya-tr-span><ya-tr-span data-index=\"8227-1\" data-value=\"Spreyli telalar koruyucu ka\u011f\u0131d\u0131 s\u0131yr\u0131larak h\u0131zl\u0131 kullan\u0131ma haz\u0131rd\u0131r.\" data-translation=\"Spreyli telalar koruyucu ka\u011f\u0131d\u0131 s\u0131yr\u0131larak h\u0131zl\u0131 kullan\u0131ma haz\u0131rd\u0131r.\" data-type=\"trSpan\">Spreyli telalar koruyucu ka\u011f\u0131d\u0131 s\u0131yr\u0131larak h\u0131zl\u0131 kullan\u0131ma haz\u0131rd\u0131r.<\/ya-tr-span><\/p><p class=\"lead \" style=\"margin-top: 20px; color: rgb(0, 0, 0); font-size: 16px; font-family: Raleway, sans-serif; white-space: normal;\"><ya-tr-span data-index=\"8228-0\" data-value=\"ISIDA ER\u0130YEN SPREYL\u0130-SPREYS\u0130Z NAYLON\" data-translation=\"ISIDA ER\u0130YEN SPREYL\u0130-SPREYS\u0130Z NAYLON\" data-type=\"trSpan\"><u>ISIDA ER\u0130YEN SPREYL\u0130-SPREYS\u0130Z NAYLON<\/u><\/ya-tr-span><br><\/p><span style=\"font-family: Raleway, sans-serif; font-size: 16px; white-space: normal;\"><ya-tr-span data-index=\"8229-0\" data-value=\"Arkas\u0131nda tela istenmeyen nak\u0131\u015f uygulamalar\u0131nda \u00f6zel hammaddesi sayesinde kuma\u015fta kal\u0131nt\u0131 b\u0131rakmayan ekonomikli\u011fiyle avantaj sa\u011flayan \u0131s\u0131da eriyen naylon nak\u0131\u015f temas\u0131d\u0131r.\" data-translation=\"Arkas\u0131nda tela istenmeyen nak\u0131\u015f uygulamalar\u0131nda \u00f6zel hammaddesi sayesinde kuma\u015fta kal\u0131nt\u0131 b\u0131rakmayan ekonomikli\u011fiyle avantaj sa\u011flayan \u0131s\u0131da eriyen naylon nak\u0131\u015f temas\u0131d\u0131r.\" data-type=\"trSpan\">Arkas\u0131nda tela istenmeyen nak\u0131\u015f uygulamalar\u0131nda \u00f6zel hammaddesi sayesinde kuma\u015fta kal\u0131nt\u0131 b\u0131rakmayan ekonomikli\u011fiyle avantaj sa\u011flayan \u0131s\u0131da eriyen naylon nak\u0131\u015f temas\u0131d\u0131r.<\/ya-tr-span><\/span><ya-tr-span data-index=\"8229-1\" data-value=\"\" data-translation=\"\" data-type=\"trSpan\"><\/ya-tr-span><\/h2>\t\t<\/div>\n\t\t\t\t<\/div>\n\t\t\t\t\t\t<\/div>\n\t\t\t\t\t<\/div>\n\t\t<\/div>\n\t\t\t\t\t\t\t\t<\/div>\n\t\t\t\t\t<\/div>\n\t\t<\/section>\n\t\t\t\t\t\t<\/div>\n\t\t\t\t\t<\/div>\n\t\t<\/div>\n\t\t\t\t\t\t\t\t<\/div>\n\t\t\t\t\t<\/div>\n\t\t<\/section>\n\t\t\t\t<section class=\"elementor-section elementor-top-section elementor-element elementor-element-52d8a26 elementor-section-boxed elementor-section-height-default elementor-section-height-default\" data-id=\"52d8a26\" data-element_type=\"section\">\n\t\t\t\t\t\t<div class=\"elementor-container elementor-column-gap-default\">\n\t\t\t\t\t\t\t<div class=\"elementor-row\">\n\t\t\t\t\t<div class=\"elementor-column elementor-col-100 elementor-top-column elementor-element elementor-element-33c2840\" data-id=\"33c2840\" data-element_type=\"column\">\n\t\t\t<div class=\"elementor-column-wrap elementor-element-populated\">\n\t\t\t\t\t\t\t<div class=\"elementor-widget-wrap\">\n\t\t\t\t\t\t<div class=\"elementor-element elementor-element-0786fac elementor-widget elementor-widget-spacer\" data-id=\"0786fac\" data-element_type=\"widget\" data-widget_type=\"spacer.default\">\n\t\t\t\t<div class=\"elementor-widget-container\">\n\t\t\t\t\t<div class=\"elementor-spacer\">\n\t\t\t<div class=\"elementor-spacer-inner\"><\/div>\n\t\t<\/div>\n\t\t\t\t<\/div>\n\t\t\t\t<\/div>\n\t\t\t\t\t\t<\/div>\n\t\t\t\t\t<\/div>\n\t\t<\/div>\n\t\t\t\t\t\t\t\t<\/div>\n\t\t\t\t\t<\/div>\n\t\t<\/section>\n\t\t\t\t<section class=\"elementor-section elementor-top-section elementor-element elementor-element-fbd19b9 elementor-section-boxed elementor-section-height-default elementor-section-height-default\" data-id=\"fbd19b9\" data-element_type=\"section\">\n\t\t\t\t\t\t<div class=\"elementor-container elementor-column-gap-default\">\n\t\t\t\t\t\t\t<div class=\"elementor-row\">\n\t\t\t\t\t<div class=\"elementor-column elementor-col-100 elementor-top-column elementor-element elementor-element-a6ce2eb\" data-id=\"a6ce2eb\" data-element_type=\"column\">\n\t\t\t<div class=\"elementor-column-wrap elementor-element-populated\">\n\t\t\t\t\t\t\t<div class=\"elementor-widget-wrap\">\n\t\t\t\t\t\t<div class=\"elementor-element elementor-element-773ca31 elementor-widget elementor-widget-heading\" data-id=\"773ca31\" data-element_type=\"widget\" data-widget_type=\"heading.default\">\n\t\t\t\t<div class=\"elementor-widget-container\">\n\t\t\t<h3 class=\"elementor-heading-title elementor-size-default\"><ya-tr-span data-index=\"8406-0\" data-value=\"Nak\u0131\u015f Telas\u0131\" data-translation=\"Nak\u0131\u015f Telas\u0131\" data-type=\"trSpan\">Lazer Aplika Telas\u0131 <\/ya-tr-span><ya-tr-span data-index=\"8406-0\" data-value=\"\" data-translation=\"\" data-type=\"trSpan\"><\/ya-tr-span><\/h3>\t\t<\/div>\n\t\t\t\t<\/div>\n\t\t\t\t\t\t<\/div>\n\t\t\t\t\t<\/div>\n\t\t<\/div>\n\t\t\t\t\t\t\t\t<\/div>\n\t\t\t\t\t<\/div>\n\t\t<\/section>\n\t\t\t\t<section class=\"elementor-section elementor-top-section elementor-element elementor-element-6227253 elementor-section-boxed elementor-section-height-default elementor-section-height-default\" data-id=\"6227253\" data-element_type=\"section\">\n\t\t\t\t\t\t<div class=\"elementor-container elementor-column-gap-default\">\n\t\t\t\t\t\t\t<div class=\"elementor-row\">\n\t\t\t\t\t<div class=\"elementor-column elementor-col-100 elementor-top-column elementor-element elementor-element-40c21ca\" data-id=\"40c21ca\" data-element_type=\"column\">\n\t\t\t<div class=\"elementor-column-wrap elementor-element-populated\">\n\t\t\t\t\t\t\t<div class=\"elementor-widget-wrap\">\n\t\t\t\t\t\t<div class=\"elementor-element elementor-element-bd46093 elementor-widget elementor-widget-image\" data-id=\"bd46093\" data-element_type=\"widget\" data-widget_type=\"image.default\">\n\t\t\t\t<div class=\"elementor-widget-container\">\n\t\t\t\t\t<div class=\"elementor-image\">\n\t\t\t\t\t\t\t\t\t\t<img width=\"1426\" height=\"231\" src=\"http:\/\/www.zirveaksesuar.com\/wp-content\/uploads\/2021\/01\/Screenshot_14.png\" class=\"attachment-1536x1536 size-1536x1536\" alt=\"\" loading=\"lazy\" srcset=\"http:\/\/www.zirveaksesuar.com\/wp-content\/uploads\/2021\/01\/Screenshot_14.png 1426w, http:\/\/www.zirveaksesuar.com\/wp-content\/uploads\/2021\/01\/Screenshot_14-300x49.png 300w, http:\/\/www.zirveaksesuar.com\/wp-content\/uploads\/2021\/01\/Screenshot_14-1024x166.png 1024w, http:\/\/www.zirveaksesuar.com\/wp-content\/uploads\/2021\/01\/Screenshot_14-768x124.png 768w\" sizes=\"(max-width: 1426px) 100vw, 1426px\" \/>\t\t\t\t\t\t\t\t\t\t\t<\/div>\n\t\t\t\t<\/div>\n\t\t\t\t<\/div>\n\t\t\t\t\t\t<\/div>\n\t\t\t\t\t<\/div>\n\t\t<\/div>\n\t\t\t\t\t\t\t\t<\/div>\n\t\t\t\t\t<\/div>\n\t\t<\/section>\n\t\t\t\t\t\t<\/div>\n\t\t\t\t\t\t<\/div>\n\t\t\t\t\t<\/div>\n\t\t","protected":false},"excerpt":{"rendered":"<p>Nak\u0131\u015f Telas\u0131 S\u00dcPER YIRTILAN SER\u0130S\u0130 S\u00fcper y\u0131rt\u0131lan nak\u0131\u015f telalar\u0131 piyasada en \u00e7ok kullan\u0131lan ve farkl\u0131 nak\u0131\u015f vuru\u015flar\u0131na en iyi kar\u015f\u0131l\u0131k veren tela tipidir. Standart 500 serisindeki telalar kar\u0131\u015f\u0131k elyaf d\u00fczeniyle \u00fcretilmi\u015ftir ve dolay\u0131s\u0131yla her y\u00f6ne kolayca y\u0131rt\u0131lma \u00f6zelli\u011fi g\u00f6sterir. B\u00f6ylelikle kullan\u0131c\u0131 telay\u0131 nak\u0131\u015ftan kolayl\u0131kla elleriyle temizleyebilmektedir ISIYLA YAPI\u015eAN SER\u0130S\u0130Is\u0131yla yap\u0131\u015fan tip telalar y\u00fcksek yap\u0131\u015fkanl\u0131 \u00f6zel [&hellip;]<\/p>\n","protected":false},"author":1,"featured_media":0,"parent":0,"menu_order":0,"comment_status":"closed","ping_status":"closed","template":"","meta":[],"_links":{"self":[{"href":"http:\/\/www.zirveaksesuar.com\/index.php\/wp-json\/wp\/v2\/pages\/1257"}],"collection":[{"href":"http:\/\/www.zirveaksesuar.com\/index.php\/wp-json\/wp\/v2\/pages"}],"about":[{"href":"http:\/\/www.zirveaksesuar.com\/index.php\/wp-json\/wp\/v2\/types\/page"}],"author":[{"embeddable":true,"href":"http:\/\/www.zirveaksesuar.com\/index.php\/wp-json\/wp\/v2\/users\/1"}],"replies":[{"embeddable":true,"href":"http:\/\/www.zirveaksesuar.com\/index.php\/wp-json\/wp\/v2\/comments?post=1257"}],"version-history":[{"count":25,"href":"http:\/\/www.zirveaksesuar.com\/index.php\/wp-json\/wp\/v2\/pages\/1257\/revisions"}],"predecessor-version":[{"id":1296,"href":"http:\/\/www.zirveaksesuar.com\/index.php\/wp-json\/wp\/v2\/pages\/1257\/revisions\/1296"}],"wp:attachment":[{"href":"http:\/\/www.zirveaksesuar.com\/index.php\/wp-json\/wp\/v2\/media?parent=1257"}],"curies":[{"name":"wp","href":"https:\/\/api.w.org\/{rel}","templated":true}]}}