{"id":1709,"date":"2021-01-13T10:22:59","date_gmt":"2021-01-13T10:22:59","guid":{"rendered":"http:\/\/www.zirveaksesuar.com\/?page_id=1709"},"modified":"2022-03-12T09:42:42","modified_gmt":"2022-03-12T09:42:42","slug":"cirt-bant-2","status":"publish","type":"page","link":"http:\/\/www.zirveaksesuar.com\/index.php\/cirt-bant-2\/","title":{"rendered":"C\u0131rt Bant"},"content":{"rendered":"\t\t<div data-elementor-type=\"wp-page\" data-elementor-id=\"1709\" class=\"elementor elementor-1709\" data-elementor-settings=\"[]\">\n\t\t\t\t\t\t<div class=\"elementor-inner\">\n\t\t\t\t\t\t\t<div class=\"elementor-section-wrap\">\n\t\t\t\t\t\t\t<section class=\"elementor-section elementor-top-section elementor-element elementor-element-e2a5822 elementor-section-boxed elementor-section-height-default elementor-section-height-default\" data-id=\"e2a5822\" data-element_type=\"section\">\n\t\t\t\t\t\t<div class=\"elementor-container elementor-column-gap-default\">\n\t\t\t\t\t\t\t<div class=\"elementor-row\">\n\t\t\t\t\t<div class=\"elementor-column elementor-col-100 elementor-top-column elementor-element elementor-element-d58488f\" data-id=\"d58488f\" data-element_type=\"column\">\n\t\t\t<div class=\"elementor-column-wrap elementor-element-populated\">\n\t\t\t\t\t\t\t<div class=\"elementor-widget-wrap\">\n\t\t\t\t\t\t<section class=\"elementor-section elementor-inner-section elementor-element elementor-element-c80d6df elementor-section-boxed elementor-section-height-default elementor-section-height-default\" data-id=\"c80d6df\" data-element_type=\"section\">\n\t\t\t\t\t\t<div class=\"elementor-container elementor-column-gap-default\">\n\t\t\t\t\t\t\t<div class=\"elementor-row\">\n\t\t\t\t\t<div class=\"elementor-column elementor-col-100 elementor-inner-column elementor-element elementor-element-764954d\" data-id=\"764954d\" data-element_type=\"column\">\n\t\t\t<div class=\"elementor-column-wrap elementor-element-populated\">\n\t\t\t\t\t\t\t<div class=\"elementor-widget-wrap\">\n\t\t\t\t\t\t<div class=\"elementor-element elementor-element-e2fe0ab elementor-widget elementor-widget-heading\" data-id=\"e2fe0ab\" data-element_type=\"widget\" data-widget_type=\"heading.default\">\n\t\t\t\t<div class=\"elementor-widget-container\">\n\t\t\t<h2 class=\"elementor-heading-title elementor-size-default\">CIRT BANT<\/h2>\t\t<\/div>\n\t\t\t\t<\/div>\n\t\t\t\t\t\t<\/div>\n\t\t\t\t\t<\/div>\n\t\t<\/div>\n\t\t\t\t\t\t\t\t<\/div>\n\t\t\t\t\t<\/div>\n\t\t<\/section>\n\t\t\t\t\t\t<\/div>\n\t\t\t\t\t<\/div>\n\t\t<\/div>\n\t\t\t\t\t\t\t\t<\/div>\n\t\t\t\t\t<\/div>\n\t\t<\/section>\n\t\t\t\t<section class=\"elementor-section elementor-top-section elementor-element elementor-element-0556a94 elementor-section-boxed elementor-section-height-default elementor-section-height-default\" data-id=\"0556a94\" data-element_type=\"section\">\n\t\t\t\t\t\t<div class=\"elementor-container elementor-column-gap-default\">\n\t\t\t\t\t\t\t<div class=\"elementor-row\">\n\t\t\t\t\t<div class=\"elementor-column elementor-col-100 elementor-top-column elementor-element elementor-element-b85dfbf\" data-id=\"b85dfbf\" data-element_type=\"column\">\n\t\t\t<div class=\"elementor-column-wrap elementor-element-populated\">\n\t\t\t\t\t\t\t<div class=\"elementor-widget-wrap\">\n\t\t\t\t\t\t<section class=\"elementor-section elementor-inner-section elementor-element elementor-element-a1da311 elementor-section-boxed elementor-section-height-default elementor-section-height-default\" data-id=\"a1da311\" data-element_type=\"section\">\n\t\t\t\t\t\t<div class=\"elementor-container elementor-column-gap-default\">\n\t\t\t\t\t\t\t<div class=\"elementor-row\">\n\t\t\t\t\t<div class=\"elementor-column elementor-col-100 elementor-inner-column elementor-element elementor-element-f13c92b\" data-id=\"f13c92b\" data-element_type=\"column\">\n\t\t\t<div class=\"elementor-column-wrap elementor-element-populated\">\n\t\t\t\t\t\t\t<div class=\"elementor-widget-wrap\">\n\t\t\t\t\t\t<div class=\"elementor-element elementor-element-10899e8 elementor-widget elementor-widget-heading\" data-id=\"10899e8\" data-element_type=\"widget\" data-widget_type=\"heading.default\">\n\t\t\t\t<div class=\"elementor-widget-container\">\n\t\t\t<h2 class=\"elementor-heading-title elementor-size-default\">Firmem\u0131z dost c\u0131rt bant \u00fcr\u00fcnleri satmaktad\u0131r.\nSatm\u0131\u015f oldu\u011fumuz \u00fcr\u00fcnler DOSTBANT, HOLYTEX, ECOVEL markal\u0131d\u0131r. <br><br>\n\n\n%100 NAYLON<br>\n%70 NAYLON\/%30 POLYESTER<br>\n%30 NAYLON\/%70 POLYESTER<br>\n%100 POLYESTER<\/h2>\t\t<\/div>\n\t\t\t\t<\/div>\n\t\t\t\t\t\t<\/div>\n\t\t\t\t\t<\/div>\n\t\t<\/div>\n\t\t\t\t\t\t\t\t<\/div>\n\t\t\t\t\t<\/div>\n\t\t<\/section>\n\t\t\t\t<section class=\"elementor-section elementor-inner-section elementor-element elementor-element-0ce320a elementor-section-boxed elementor-section-height-default elementor-section-height-default\" data-id=\"0ce320a\" data-element_type=\"section\">\n\t\t\t\t\t\t<div class=\"elementor-container elementor-column-gap-default\">\n\t\t\t\t\t\t\t<div class=\"elementor-row\">\n\t\t\t\t\t<div class=\"elementor-column elementor-col-100 elementor-inner-column elementor-element elementor-element-e110754\" data-id=\"e110754\" data-element_type=\"column\">\n\t\t\t<div class=\"elementor-column-wrap elementor-element-populated\">\n\t\t\t\t\t\t\t<div class=\"elementor-widget-wrap\">\n\t\t\t\t\t\t<div class=\"elementor-element elementor-element-838a80d elementor-widget-divider--view-line elementor-widget elementor-widget-divider\" data-id=\"838a80d\" data-element_type=\"widget\" data-widget_type=\"divider.default\">\n\t\t\t\t<div class=\"elementor-widget-container\">\n\t\t\t\t\t<div class=\"elementor-divider\">\n\t\t\t<span class=\"elementor-divider-separator\">\n\t\t\t\t\t\t<\/span>\n\t\t<\/div>\n\t\t\t\t<\/div>\n\t\t\t\t<\/div>\n\t\t\t\t\t\t<\/div>\n\t\t\t\t\t<\/div>\n\t\t<\/div>\n\t\t\t\t\t\t\t\t<\/div>\n\t\t\t\t\t<\/div>\n\t\t<\/section>\n\t\t\t\t<section class=\"elementor-section elementor-inner-section elementor-element elementor-element-980a603 elementor-section-boxed elementor-section-height-default elementor-section-height-default\" data-id=\"980a603\" data-element_type=\"section\">\n\t\t\t\t\t\t<div class=\"elementor-container elementor-column-gap-default\">\n\t\t\t\t\t\t\t<div class=\"elementor-row\">\n\t\t\t\t\t<div class=\"elementor-column elementor-col-100 elementor-inner-column elementor-element elementor-element-a38dbb7\" data-id=\"a38dbb7\" data-element_type=\"column\">\n\t\t\t<div class=\"elementor-column-wrap elementor-element-populated\">\n\t\t\t\t\t\t\t<div class=\"elementor-widget-wrap\">\n\t\t\t\t\t\t<div class=\"elementor-element elementor-element-1395145 elementor-widget elementor-widget-image\" data-id=\"1395145\" data-element_type=\"widget\" data-widget_type=\"image.default\">\n\t\t\t\t<div class=\"elementor-widget-container\">\n\t\t\t\t\t<div class=\"elementor-image\">\n\t\t\t\t\t\t\t\t\t\t<img width=\"1461\" height=\"462\" src=\"http:\/\/www.zirveaksesuar.com\/wp-content\/uploads\/2021\/01\/Screenshot_15.png\" class=\"attachment-1536x1536 size-1536x1536\" alt=\"\" loading=\"lazy\" srcset=\"http:\/\/www.zirveaksesuar.com\/wp-content\/uploads\/2021\/01\/Screenshot_15.png 1461w, http:\/\/www.zirveaksesuar.com\/wp-content\/uploads\/2021\/01\/Screenshot_15-300x95.png 300w, http:\/\/www.zirveaksesuar.com\/wp-content\/uploads\/2021\/01\/Screenshot_15-1024x324.png 1024w, http:\/\/www.zirveaksesuar.com\/wp-content\/uploads\/2021\/01\/Screenshot_15-768x243.png 768w\" sizes=\"(max-width: 1461px) 100vw, 1461px\" \/>\t\t\t\t\t\t\t\t\t\t\t<\/div>\n\t\t\t\t<\/div>\n\t\t\t\t<\/div>\n\t\t\t\t\t\t<\/div>\n\t\t\t\t\t<\/div>\n\t\t<\/div>\n\t\t\t\t\t\t\t\t<\/div>\n\t\t\t\t\t<\/div>\n\t\t<\/section>\n\t\t\t\t<section class=\"elementor-section elementor-inner-section elementor-element elementor-element-56b54a6 elementor-section-boxed elementor-section-height-default elementor-section-height-default\" data-id=\"56b54a6\" data-element_type=\"section\">\n\t\t\t\t\t\t<div class=\"elementor-container elementor-column-gap-default\">\n\t\t\t\t\t\t\t<div class=\"elementor-row\">\n\t\t\t\t\t<div class=\"elementor-column elementor-col-100 elementor-inner-column elementor-element elementor-element-a5e4c9e\" data-id=\"a5e4c9e\" data-element_type=\"column\">\n\t\t\t<div class=\"elementor-column-wrap elementor-element-populated\">\n\t\t\t\t\t\t\t<div class=\"elementor-widget-wrap\">\n\t\t\t\t\t\t<div class=\"elementor-element elementor-element-133b2dc elementor-widget-divider--view-line elementor-widget elementor-widget-divider\" data-id=\"133b2dc\" data-element_type=\"widget\" data-widget_type=\"divider.default\">\n\t\t\t\t<div class=\"elementor-widget-container\">\n\t\t\t\t\t<div class=\"elementor-divider\">\n\t\t\t<span class=\"elementor-divider-separator\">\n\t\t\t\t\t\t<\/span>\n\t\t<\/div>\n\t\t\t\t<\/div>\n\t\t\t\t<\/div>\n\t\t\t\t\t\t<\/div>\n\t\t\t\t\t<\/div>\n\t\t<\/div>\n\t\t\t\t\t\t\t\t<\/div>\n\t\t\t\t\t<\/div>\n\t\t<\/section>\n\t\t\t\t\t\t<\/div>\n\t\t\t\t\t<\/div>\n\t\t<\/div>\n\t\t\t\t\t\t\t\t<\/div>\n\t\t\t\t\t<\/div>\n\t\t<\/section>\n\t\t\t\t<section class=\"elementor-section elementor-top-section elementor-element elementor-element-4748497 elementor-section-boxed elementor-section-height-default elementor-section-height-default\" data-id=\"4748497\" data-element_type=\"section\">\n\t\t\t\t\t\t<div class=\"elementor-container elementor-column-gap-default\">\n\t\t\t\t\t\t\t<div class=\"elementor-row\">\n\t\t\t\t\t<div class=\"elementor-column elementor-col-100 elementor-top-column elementor-element elementor-element-2cd12dd\" data-id=\"2cd12dd\" data-element_type=\"column\">\n\t\t\t<div class=\"elementor-column-wrap elementor-element-populated\">\n\t\t\t\t\t\t\t<div class=\"elementor-widget-wrap\">\n\t\t\t\t\t\t<div class=\"elementor-element elementor-element-0f9def7 elementor-widget elementor-widget-heading\" data-id=\"0f9def7\" data-element_type=\"widget\" data-widget_type=\"heading.default\">\n\t\t\t\t<div class=\"elementor-widget-container\">\n\t\t\t<h2 class=\"elementor-heading-title elementor-size-default\">C\u0131rt Bant Katalog<\/h2>\t\t<\/div>\n\t\t\t\t<\/div>\n\t\t\t\t\t\t<\/div>\n\t\t\t\t\t<\/div>\n\t\t<\/div>\n\t\t\t\t\t\t\t\t<\/div>\n\t\t\t\t\t<\/div>\n\t\t<\/section>\n\t\t\t\t<section class=\"elementor-section elementor-top-section elementor-element elementor-element-787c325 elementor-section-boxed elementor-section-height-default elementor-section-height-default\" data-id=\"787c325\" data-element_type=\"section\">\n\t\t\t\t\t\t<div class=\"elementor-container elementor-column-gap-default\">\n\t\t\t\t\t\t\t<div class=\"elementor-row\">\n\t\t\t\t\t<div class=\"elementor-column elementor-col-100 elementor-top-column elementor-element elementor-element-f556e7c\" data-id=\"f556e7c\" data-element_type=\"column\">\n\t\t\t<div class=\"elementor-column-wrap elementor-element-populated\">\n\t\t\t\t\t\t\t<div class=\"elementor-widget-wrap\">\n\t\t\t\t\t\t<div class=\"elementor-element elementor-element-b0d4b47 elementor-widget elementor-widget-image-gallery\" data-id=\"b0d4b47\" data-element_type=\"widget\" data-widget_type=\"image-gallery.default\">\n\t\t\t\t<div class=\"elementor-widget-container\">\n\t\t\t\t\t<div class=\"elementor-image-gallery\">\n\t\t\t\n\t\t<style type=\"text\/css\">\n\t\t\t#gallery-1 {\n\t\t\t\tmargin: auto;\n\t\t\t}\n\t\t\t#gallery-1 .gallery-item {\n\t\t\t\tfloat: left;\n\t\t\t\tmargin-top: 10px;\n\t\t\t\ttext-align: center;\n\t\t\t\twidth: 33%;\n\t\t\t}\n\t\t\t#gallery-1 img {\n\t\t\t\tborder: 2px solid #cfcfcf;\n\t\t\t}\n\t\t\t#gallery-1 .gallery-caption {\n\t\t\t\tmargin-left: 0;\n\t\t\t}\n\t\t\t\/* see gallery_shortcode() in wp-includes\/media.php *\/\n\t\t<\/style>\n\t\t<div id='gallery-1' class='gallery galleryid-1709 gallery-columns-3 gallery-size-full'><dl class='gallery-item'>\n\t\t\t<dt class='gallery-icon portrait'>\n\t\t\t\t<a data-elementor-open-lightbox=\"yes\" data-elementor-lightbox-slideshow=\"b0d4b47\" data-elementor-lightbox-title=\"IMG_8607\" href='http:\/\/www.zirveaksesuar.com\/wp-content\/uploads\/2021\/01\/IMG_8607-scaled.jpg'><img width=\"2025\" height=\"2560\" src=\"http:\/\/www.zirveaksesuar.com\/wp-content\/uploads\/2021\/01\/IMG_8607-scaled.jpg\" class=\"attachment-full size-full\" alt=\"\" loading=\"lazy\" srcset=\"http:\/\/www.zirveaksesuar.com\/wp-content\/uploads\/2021\/01\/IMG_8607-scaled.jpg 2025w, http:\/\/www.zirveaksesuar.com\/wp-content\/uploads\/2021\/01\/IMG_8607-237x300.jpg 237w, http:\/\/www.zirveaksesuar.com\/wp-content\/uploads\/2021\/01\/IMG_8607-810x1024.jpg 810w, http:\/\/www.zirveaksesuar.com\/wp-content\/uploads\/2021\/01\/IMG_8607-768x971.jpg 768w, http:\/\/www.zirveaksesuar.com\/wp-content\/uploads\/2021\/01\/IMG_8607-1215x1536.jpg 1215w, http:\/\/www.zirveaksesuar.com\/wp-content\/uploads\/2021\/01\/IMG_8607-1620x2048.jpg 1620w\" sizes=\"(max-width: 2025px) 100vw, 2025px\" \/><\/a>\n\t\t\t<\/dt><\/dl><dl class='gallery-item'>\n\t\t\t<dt class='gallery-icon portrait'>\n\t\t\t\t<a data-elementor-open-lightbox=\"yes\" data-elementor-lightbox-slideshow=\"b0d4b47\" data-elementor-lightbox-title=\"IMG_8624\" href='http:\/\/www.zirveaksesuar.com\/wp-content\/uploads\/2021\/01\/IMG_8624.jpg'><img width=\"1816\" height=\"2288\" src=\"http:\/\/www.zirveaksesuar.com\/wp-content\/uploads\/2021\/01\/IMG_8624.jpg\" class=\"attachment-full size-full\" alt=\"\" loading=\"lazy\" srcset=\"http:\/\/www.zirveaksesuar.com\/wp-content\/uploads\/2021\/01\/IMG_8624.jpg 1816w, http:\/\/www.zirveaksesuar.com\/wp-content\/uploads\/2021\/01\/IMG_8624-238x300.jpg 238w, http:\/\/www.zirveaksesuar.com\/wp-content\/uploads\/2021\/01\/IMG_8624-813x1024.jpg 813w, http:\/\/www.zirveaksesuar.com\/wp-content\/uploads\/2021\/01\/IMG_8624-768x968.jpg 768w, http:\/\/www.zirveaksesuar.com\/wp-content\/uploads\/2021\/01\/IMG_8624-1219x1536.jpg 1219w, http:\/\/www.zirveaksesuar.com\/wp-content\/uploads\/2021\/01\/IMG_8624-1626x2048.jpg 1626w\" sizes=\"(max-width: 1816px) 100vw, 1816px\" \/><\/a>\n\t\t\t<\/dt><\/dl><dl class='gallery-item'>\n\t\t\t<dt class='gallery-icon portrait'>\n\t\t\t\t<a data-elementor-open-lightbox=\"yes\" data-elementor-lightbox-slideshow=\"b0d4b47\" data-elementor-lightbox-title=\"IMG_8625\" href='http:\/\/www.zirveaksesuar.com\/wp-content\/uploads\/2021\/01\/IMG_8625-scaled.jpg'><img width=\"2026\" height=\"2560\" src=\"http:\/\/www.zirveaksesuar.com\/wp-content\/uploads\/2021\/01\/IMG_8625-scaled.jpg\" class=\"attachment-full size-full\" alt=\"\" loading=\"lazy\" srcset=\"http:\/\/www.zirveaksesuar.com\/wp-content\/uploads\/2021\/01\/IMG_8625-scaled.jpg 2026w, http:\/\/www.zirveaksesuar.com\/wp-content\/uploads\/2021\/01\/IMG_8625-237x300.jpg 237w, http:\/\/www.zirveaksesuar.com\/wp-content\/uploads\/2021\/01\/IMG_8625-810x1024.jpg 810w, http:\/\/www.zirveaksesuar.com\/wp-content\/uploads\/2021\/01\/IMG_8625-768x970.jpg 768w, http:\/\/www.zirveaksesuar.com\/wp-content\/uploads\/2021\/01\/IMG_8625-1216x1536.jpg 1216w, http:\/\/www.zirveaksesuar.com\/wp-content\/uploads\/2021\/01\/IMG_8625-1621x2048.jpg 1621w\" sizes=\"(max-width: 2026px) 100vw, 2026px\" \/><\/a>\n\t\t\t<\/dt><\/dl><br style=\"clear: both\" \/><dl class='gallery-item'>\n\t\t\t<dt class='gallery-icon portrait'>\n\t\t\t\t<a data-elementor-open-lightbox=\"yes\" data-elementor-lightbox-slideshow=\"b0d4b47\" data-elementor-lightbox-title=\"IMG_8627\" href='http:\/\/www.zirveaksesuar.com\/wp-content\/uploads\/2021\/01\/IMG_8627-scaled.jpg'><img width=\"2035\" height=\"2560\" src=\"http:\/\/www.zirveaksesuar.com\/wp-content\/uploads\/2021\/01\/IMG_8627-scaled.jpg\" class=\"attachment-full size-full\" alt=\"\" loading=\"lazy\" srcset=\"http:\/\/www.zirveaksesuar.com\/wp-content\/uploads\/2021\/01\/IMG_8627-scaled.jpg 2035w, http:\/\/www.zirveaksesuar.com\/wp-content\/uploads\/2021\/01\/IMG_8627-238x300.jpg 238w, http:\/\/www.zirveaksesuar.com\/wp-content\/uploads\/2021\/01\/IMG_8627-814x1024.jpg 814w, http:\/\/www.zirveaksesuar.com\/wp-content\/uploads\/2021\/01\/IMG_8627-768x966.jpg 768w, http:\/\/www.zirveaksesuar.com\/wp-content\/uploads\/2021\/01\/IMG_8627-1221x1536.jpg 1221w, http:\/\/www.zirveaksesuar.com\/wp-content\/uploads\/2021\/01\/IMG_8627-1628x2048.jpg 1628w\" sizes=\"(max-width: 2035px) 100vw, 2035px\" \/><\/a>\n\t\t\t<\/dt><\/dl><dl class='gallery-item'>\n\t\t\t<dt class='gallery-icon portrait'>\n\t\t\t\t<a data-elementor-open-lightbox=\"yes\" data-elementor-lightbox-slideshow=\"b0d4b47\" data-elementor-lightbox-title=\"IMG_8630\" href='http:\/\/www.zirveaksesuar.com\/wp-content\/uploads\/2021\/01\/IMG_8630-scaled.jpg'><img width=\"2014\" height=\"2560\" src=\"http:\/\/www.zirveaksesuar.com\/wp-content\/uploads\/2021\/01\/IMG_8630-scaled.jpg\" class=\"attachment-full size-full\" alt=\"\" loading=\"lazy\" srcset=\"http:\/\/www.zirveaksesuar.com\/wp-content\/uploads\/2021\/01\/IMG_8630-scaled.jpg 2014w, http:\/\/www.zirveaksesuar.com\/wp-content\/uploads\/2021\/01\/IMG_8630-236x300.jpg 236w, http:\/\/www.zirveaksesuar.com\/wp-content\/uploads\/2021\/01\/IMG_8630-806x1024.jpg 806w, http:\/\/www.zirveaksesuar.com\/wp-content\/uploads\/2021\/01\/IMG_8630-768x976.jpg 768w, http:\/\/www.zirveaksesuar.com\/wp-content\/uploads\/2021\/01\/IMG_8630-1208x1536.jpg 1208w, http:\/\/www.zirveaksesuar.com\/wp-content\/uploads\/2021\/01\/IMG_8630-1611x2048.jpg 1611w\" sizes=\"(max-width: 2014px) 100vw, 2014px\" \/><\/a>\n\t\t\t<\/dt><\/dl>\n\t\t\t<br style='clear: both' \/>\n\t\t<\/div>\n\t\t<\/div>\n\t\t\t\t<\/div>\n\t\t\t\t<\/div>\n\t\t\t\t\t\t<\/div>\n\t\t\t\t\t<\/div>\n\t\t<\/div>\n\t\t\t\t\t\t\t\t<\/div>\n\t\t\t\t\t<\/div>\n\t\t<\/section>\n\t\t\t\t\t\t<\/div>\n\t\t\t\t\t\t<\/div>\n\t\t\t\t\t<\/div>\n\t\t","protected":false},"excerpt":{"rendered":"<p>CIRT BANT Firmem\u0131z dost c\u0131rt bant \u00fcr\u00fcnleri satmaktad\u0131r. Satm\u0131\u015f oldu\u011fumuz \u00fcr\u00fcnler DOSTBANT, HOLYTEX, ECOVEL markal\u0131d\u0131r. %100 NAYLON %70 NAYLON\/%30 POLYESTER %30 NAYLON\/%70 POLYESTER %100 POLYESTER C\u0131rt Bant Katalog<\/p>\n","protected":false},"author":1,"featured_media":0,"parent":0,"menu_order":0,"comment_status":"closed","ping_status":"closed","template":"","meta":[],"_links":{"self":[{"href":"http:\/\/www.zirveaksesuar.com\/index.php\/wp-json\/wp\/v2\/pages\/1709"}],"collection":[{"href":"http:\/\/www.zirveaksesuar.com\/index.php\/wp-json\/wp\/v2\/pages"}],"about":[{"href":"http:\/\/www.zirveaksesuar.com\/index.php\/wp-json\/wp\/v2\/types\/page"}],"author":[{"embeddable":true,"href":"http:\/\/www.zirveaksesuar.com\/index.php\/wp-json\/wp\/v2\/users\/1"}],"replies":[{"embeddable":true,"href":"http:\/\/www.zirveaksesuar.com\/index.php\/wp-json\/wp\/v2\/comments?post=1709"}],"version-history":[{"count":16,"href":"http:\/\/www.zirveaksesuar.com\/index.php\/wp-json\/wp\/v2\/pages\/1709\/revisions"}],"predecessor-version":[{"id":2349,"href":"http:\/\/www.zirveaksesuar.com\/index.php\/wp-json\/wp\/v2\/pages\/1709\/revisions\/2349"}],"wp:attachment":[{"href":"http:\/\/www.zirveaksesuar.com\/index.php\/wp-json\/wp\/v2\/media?parent=1709"}],"curies":[{"name":"wp","href":"https:\/\/api.w.org\/{rel}","templated":true}]}}