{"id":1778,"date":"2021-01-13T11:14:04","date_gmt":"2021-01-13T11:14:04","guid":{"rendered":"http:\/\/www.zirveaksesuar.com\/?page_id=1778"},"modified":"2021-01-15T14:13:18","modified_gmt":"2021-01-15T14:13:18","slug":"baski","status":"publish","type":"page","link":"http:\/\/www.zirveaksesuar.com\/index.php\/baski\/","title":{"rendered":"BASKI"},"content":{"rendered":"\t\t<div data-elementor-type=\"wp-page\" data-elementor-id=\"1778\" class=\"elementor elementor-1778\" data-elementor-settings=\"[]\">\n\t\t\t\t\t\t<div class=\"elementor-inner\">\n\t\t\t\t\t\t\t<div class=\"elementor-section-wrap\">\n\t\t\t\t\t\t\t<section class=\"elementor-section elementor-top-section elementor-element elementor-element-51a93b1 elementor-section-stretched elementor-section-boxed elementor-section-height-default elementor-section-height-default\" data-id=\"51a93b1\" data-element_type=\"section\" data-settings=\"{&quot;stretch_section&quot;:&quot;section-stretched&quot;}\">\n\t\t\t\t\t\t<div class=\"elementor-container elementor-column-gap-default\">\n\t\t\t\t\t\t\t<div class=\"elementor-row\">\n\t\t\t\t\t<div class=\"elementor-column elementor-col-100 elementor-top-column elementor-element elementor-element-9a5d0a7\" data-id=\"9a5d0a7\" data-element_type=\"column\">\n\t\t\t<div class=\"elementor-column-wrap elementor-element-populated\">\n\t\t\t\t\t\t\t<div class=\"elementor-widget-wrap\">\n\t\t\t\t\t\t<div class=\"elementor-element elementor-element-5c289b2 elementor-aspect-ratio-169 elementor-widget elementor-widget-video\" data-id=\"5c289b2\" data-element_type=\"widget\" data-settings=\"{&quot;aspect_ratio&quot;:&quot;169&quot;}\" data-widget_type=\"video.default\">\n\t\t\t\t<div class=\"elementor-widget-container\">\n\t\t\t\t\t<div class=\"elementor-wrapper elementor-fit-aspect-ratio elementor-open-inline\">\n\t\t\t\t\t<video class=\"elementor-video\" src=\"http:\/\/www.zirveaksesuar.com\/wp-content\/uploads\/2021\/01\/IMG_8849-online-video-cutter.com_.mp4\" autoplay=\"\" loop=\"\" controls=\"\" muted=\"muted\" playsinline=\"\" controlsList=\"nodownload\"><\/video>\n\t\t\t\t<\/div>\n\t\t\t\t<\/div>\n\t\t\t\t<\/div>\n\t\t\t\t\t\t<\/div>\n\t\t\t\t\t<\/div>\n\t\t<\/div>\n\t\t\t\t\t\t\t\t<\/div>\n\t\t\t\t\t<\/div>\n\t\t<\/section>\n\t\t\t\t<section class=\"elementor-section elementor-top-section elementor-element elementor-element-32fb4bc elementor-section-boxed elementor-section-height-default elementor-section-height-default\" data-id=\"32fb4bc\" data-element_type=\"section\">\n\t\t\t\t\t\t<div class=\"elementor-container elementor-column-gap-default\">\n\t\t\t\t\t\t\t<div class=\"elementor-row\">\n\t\t\t\t\t<div class=\"elementor-column elementor-col-100 elementor-top-column elementor-element elementor-element-8fe6333\" data-id=\"8fe6333\" data-element_type=\"column\">\n\t\t\t<div class=\"elementor-column-wrap elementor-element-populated\">\n\t\t\t\t\t\t\t<div class=\"elementor-widget-wrap\">\n\t\t\t\t\t\t<div class=\"elementor-element elementor-element-7643c59 elementor-aspect-ratio-169 elementor-widget elementor-widget-video\" data-id=\"7643c59\" data-element_type=\"widget\" data-settings=\"{&quot;aspect_ratio&quot;:&quot;169&quot;}\" data-widget_type=\"video.default\">\n\t\t\t\t<div class=\"elementor-widget-container\">\n\t\t\t\t\t<div class=\"elementor-wrapper elementor-fit-aspect-ratio elementor-open-inline\">\n\t\t\t\t\t<video class=\"elementor-video\" src=\"http:\/\/www.zirveaksesuar.com\/wp-content\/uploads\/2021\/01\/IMG_8846-online-video-cutter.com_.mp4\" autoplay=\"\" loop=\"\" controls=\"\" muted=\"muted\" playsinline=\"\" controlsList=\"nodownload\"><\/video>\n\t\t\t\t<\/div>\n\t\t\t\t<\/div>\n\t\t\t\t<\/div>\n\t\t\t\t\t\t<\/div>\n\t\t\t\t\t<\/div>\n\t\t<\/div>\n\t\t\t\t\t\t\t\t<\/div>\n\t\t\t\t\t<\/div>\n\t\t<\/section>\n\t\t\t\t<section class=\"elementor-section elementor-top-section elementor-element elementor-element-16dc029 elementor-section-stretched elementor-section-boxed elementor-section-height-default elementor-section-height-default\" data-id=\"16dc029\" data-element_type=\"section\" data-settings=\"{&quot;stretch_section&quot;:&quot;section-stretched&quot;}\">\n\t\t\t\t\t\t<div class=\"elementor-container elementor-column-gap-default\">\n\t\t\t\t\t\t\t<div class=\"elementor-row\">\n\t\t\t\t\t<div class=\"elementor-column elementor-col-100 elementor-top-column elementor-element elementor-element-eab1acd\" data-id=\"eab1acd\" data-element_type=\"column\">\n\t\t\t<div class=\"elementor-column-wrap elementor-element-populated\">\n\t\t\t\t\t\t\t<div class=\"elementor-widget-wrap\">\n\t\t\t\t\t\t<div class=\"elementor-element elementor-element-088891e elementor-widget-divider--view-line elementor-widget elementor-widget-divider\" data-id=\"088891e\" data-element_type=\"widget\" data-widget_type=\"divider.default\">\n\t\t\t\t<div class=\"elementor-widget-container\">\n\t\t\t\t\t<div class=\"elementor-divider\">\n\t\t\t<span class=\"elementor-divider-separator\">\n\t\t\t\t\t\t<\/span>\n\t\t<\/div>\n\t\t\t\t<\/div>\n\t\t\t\t<\/div>\n\t\t\t\t\t\t<\/div>\n\t\t\t\t\t<\/div>\n\t\t<\/div>\n\t\t\t\t\t\t\t\t<\/div>\n\t\t\t\t\t<\/div>\n\t\t<\/section>\n\t\t\t\t<section class=\"elementor-section elementor-top-section elementor-element elementor-element-ba13332 elementor-section-boxed elementor-section-height-default elementor-section-height-default\" data-id=\"ba13332\" data-element_type=\"section\">\n\t\t\t\t\t\t<div class=\"elementor-container elementor-column-gap-default\">\n\t\t\t\t\t\t\t<div class=\"elementor-row\">\n\t\t\t\t\t<div class=\"elementor-column elementor-col-100 elementor-top-column elementor-element elementor-element-7e839d6\" data-id=\"7e839d6\" data-element_type=\"column\">\n\t\t\t<div class=\"elementor-column-wrap elementor-element-populated\">\n\t\t\t\t\t\t\t<div class=\"elementor-widget-wrap\">\n\t\t\t\t\t\t<section class=\"elementor-section elementor-inner-section elementor-element elementor-element-3fd3525 elementor-section-boxed elementor-section-height-default elementor-section-height-default\" data-id=\"3fd3525\" data-element_type=\"section\">\n\t\t\t\t\t\t<div class=\"elementor-container elementor-column-gap-default\">\n\t\t\t\t\t\t\t<div class=\"elementor-row\">\n\t\t\t\t\t<div class=\"elementor-column elementor-col-100 elementor-inner-column elementor-element elementor-element-a1b333e\" data-id=\"a1b333e\" data-element_type=\"column\">\n\t\t\t<div class=\"elementor-column-wrap elementor-element-populated\">\n\t\t\t\t\t\t\t<div class=\"elementor-widget-wrap\">\n\t\t\t\t\t\t<div class=\"elementor-element elementor-element-2c7c2f6 elementor-widget elementor-widget-heading\" data-id=\"2c7c2f6\" data-element_type=\"widget\" data-widget_type=\"heading.default\">\n\t\t\t\t<div class=\"elementor-widget-container\">\n\t\t\t<h1 class=\"elementor-heading-title elementor-size-default\">Bask\u0131 \u00dcr\u00fcnlerimiz<\/h1>\t\t<\/div>\n\t\t\t\t<\/div>\n\t\t\t\t\t\t<\/div>\n\t\t\t\t\t<\/div>\n\t\t<\/div>\n\t\t\t\t\t\t\t\t<\/div>\n\t\t\t\t\t<\/div>\n\t\t<\/section>\n\t\t\t\t\t\t<\/div>\n\t\t\t\t\t<\/div>\n\t\t<\/div>\n\t\t\t\t\t\t\t\t<\/div>\n\t\t\t\t\t<\/div>\n\t\t<\/section>\n\t\t\t\t<section class=\"elementor-section elementor-top-section elementor-element elementor-element-0c50483 elementor-section-boxed elementor-section-height-default elementor-section-height-default\" data-id=\"0c50483\" data-element_type=\"section\">\n\t\t\t\t\t\t<div class=\"elementor-container elementor-column-gap-default\">\n\t\t\t\t\t\t\t<div class=\"elementor-row\">\n\t\t\t\t\t<div class=\"elementor-column elementor-col-100 elementor-top-column elementor-element elementor-element-ce95e5e\" data-id=\"ce95e5e\" data-element_type=\"column\">\n\t\t\t<div class=\"elementor-column-wrap elementor-element-populated\">\n\t\t\t\t\t\t\t<div class=\"elementor-widget-wrap\">\n\t\t\t\t\t\t<div class=\"elementor-element elementor-element-943778a elementor-widget elementor-widget-spacer\" data-id=\"943778a\" data-element_type=\"widget\" data-widget_type=\"spacer.default\">\n\t\t\t\t<div class=\"elementor-widget-container\">\n\t\t\t\t\t<div class=\"elementor-spacer\">\n\t\t\t<div class=\"elementor-spacer-inner\"><\/div>\n\t\t<\/div>\n\t\t\t\t<\/div>\n\t\t\t\t<\/div>\n\t\t\t\t\t\t<\/div>\n\t\t\t\t\t<\/div>\n\t\t<\/div>\n\t\t\t\t\t\t\t\t<\/div>\n\t\t\t\t\t<\/div>\n\t\t<\/section>\n\t\t\t\t<section class=\"elementor-section elementor-top-section elementor-element elementor-element-a17cea5 elementor-section-boxed elementor-section-height-default elementor-section-height-default\" data-id=\"a17cea5\" data-element_type=\"section\">\n\t\t\t\t\t\t<div class=\"elementor-container elementor-column-gap-default\">\n\t\t\t\t\t\t\t<div class=\"elementor-row\">\n\t\t\t\t\t<div class=\"elementor-column elementor-col-100 elementor-top-column elementor-element elementor-element-2574984\" data-id=\"2574984\" data-element_type=\"column\">\n\t\t\t<div class=\"elementor-column-wrap elementor-element-populated\">\n\t\t\t\t\t\t\t<div class=\"elementor-widget-wrap\">\n\t\t\t\t\t\t<div class=\"elementor-element elementor-element-32c8d56 gallery-spacing-custom elementor-invisible elementor-widget elementor-widget-image-gallery\" data-id=\"32c8d56\" data-element_type=\"widget\" data-settings=\"{&quot;_animation&quot;:&quot;fadeInUp&quot;}\" data-widget_type=\"image-gallery.default\">\n\t\t\t\t<div class=\"elementor-widget-container\">\n\t\t\t\t\t<div class=\"elementor-image-gallery\">\n\t\t\t\n\t\t<style type=\"text\/css\">\n\t\t\t#gallery-1 {\n\t\t\t\tmargin: auto;\n\t\t\t}\n\t\t\t#gallery-1 .gallery-item {\n\t\t\t\tfloat: left;\n\t\t\t\tmargin-top: 10px;\n\t\t\t\ttext-align: center;\n\t\t\t\twidth: 50%;\n\t\t\t}\n\t\t\t#gallery-1 img {\n\t\t\t\tborder: 2px solid #cfcfcf;\n\t\t\t}\n\t\t\t#gallery-1 .gallery-caption {\n\t\t\t\tmargin-left: 0;\n\t\t\t}\n\t\t\t\/* see gallery_shortcode() in wp-includes\/media.php *\/\n\t\t<\/style>\n\t\t<div id='gallery-1' class='gallery galleryid-1778 gallery-columns-2 gallery-size-1536x1536'><dl class='gallery-item'>\n\t\t\t<dt class='gallery-icon landscape'>\n\t\t\t\t<a data-elementor-open-lightbox=\"yes\" data-elementor-lightbox-slideshow=\"32c8d56\" href='http:\/\/www.zirveaksesuar.com\/wp-content\/uploads\/2021\/01\/IMG_1626.jpeg'><img width=\"1536\" height=\"1152\" src=\"http:\/\/www.zirveaksesuar.com\/wp-content\/uploads\/2021\/01\/IMG_1626-1536x1152.jpeg\" class=\"attachment-1536x1536 size-1536x1536\" alt=\"\" loading=\"lazy\" srcset=\"http:\/\/www.zirveaksesuar.com\/wp-content\/uploads\/2021\/01\/IMG_1626-1536x1152.jpeg 1536w, http:\/\/www.zirveaksesuar.com\/wp-content\/uploads\/2021\/01\/IMG_1626-300x225.jpeg 300w, http:\/\/www.zirveaksesuar.com\/wp-content\/uploads\/2021\/01\/IMG_1626-1024x768.jpeg 1024w, http:\/\/www.zirveaksesuar.com\/wp-content\/uploads\/2021\/01\/IMG_1626-768x576.jpeg 768w, http:\/\/www.zirveaksesuar.com\/wp-content\/uploads\/2021\/01\/IMG_1626.jpeg 2048w\" sizes=\"(max-width: 1536px) 100vw, 1536px\" \/><\/a>\n\t\t\t<\/dt><\/dl><dl class='gallery-item'>\n\t\t\t<dt class='gallery-icon landscape'>\n\t\t\t\t<a data-elementor-open-lightbox=\"yes\" data-elementor-lightbox-slideshow=\"32c8d56\" href='http:\/\/www.zirveaksesuar.com\/wp-content\/uploads\/2021\/01\/IMG_1627.jpeg'><img width=\"1536\" height=\"1152\" src=\"http:\/\/www.zirveaksesuar.com\/wp-content\/uploads\/2021\/01\/IMG_1627-1536x1152.jpeg\" class=\"attachment-1536x1536 size-1536x1536\" alt=\"\" loading=\"lazy\" srcset=\"http:\/\/www.zirveaksesuar.com\/wp-content\/uploads\/2021\/01\/IMG_1627-1536x1152.jpeg 1536w, http:\/\/www.zirveaksesuar.com\/wp-content\/uploads\/2021\/01\/IMG_1627-300x225.jpeg 300w, http:\/\/www.zirveaksesuar.com\/wp-content\/uploads\/2021\/01\/IMG_1627-1024x768.jpeg 1024w, http:\/\/www.zirveaksesuar.com\/wp-content\/uploads\/2021\/01\/IMG_1627-768x576.jpeg 768w, http:\/\/www.zirveaksesuar.com\/wp-content\/uploads\/2021\/01\/IMG_1627.jpeg 2048w\" sizes=\"(max-width: 1536px) 100vw, 1536px\" \/><\/a>\n\t\t\t<\/dt><\/dl><br style=\"clear: both\" \/><dl class='gallery-item'>\n\t\t\t<dt class='gallery-icon landscape'>\n\t\t\t\t<a data-elementor-open-lightbox=\"yes\" data-elementor-lightbox-slideshow=\"32c8d56\" href='http:\/\/www.zirveaksesuar.com\/wp-content\/uploads\/2021\/01\/IMG_1625.jpeg'><img width=\"1536\" height=\"1152\" src=\"http:\/\/www.zirveaksesuar.com\/wp-content\/uploads\/2021\/01\/IMG_1625-1536x1152.jpeg\" class=\"attachment-1536x1536 size-1536x1536\" alt=\"\" loading=\"lazy\" srcset=\"http:\/\/www.zirveaksesuar.com\/wp-content\/uploads\/2021\/01\/IMG_1625-1536x1152.jpeg 1536w, http:\/\/www.zirveaksesuar.com\/wp-content\/uploads\/2021\/01\/IMG_1625-300x225.jpeg 300w, http:\/\/www.zirveaksesuar.com\/wp-content\/uploads\/2021\/01\/IMG_1625-1024x768.jpeg 1024w, http:\/\/www.zirveaksesuar.com\/wp-content\/uploads\/2021\/01\/IMG_1625-768x576.jpeg 768w, http:\/\/www.zirveaksesuar.com\/wp-content\/uploads\/2021\/01\/IMG_1625.jpeg 2048w\" sizes=\"(max-width: 1536px) 100vw, 1536px\" \/><\/a>\n\t\t\t<\/dt><\/dl><dl class='gallery-item'>\n\t\t\t<dt class='gallery-icon landscape'>\n\t\t\t\t<a data-elementor-open-lightbox=\"yes\" data-elementor-lightbox-slideshow=\"32c8d56\" href='http:\/\/www.zirveaksesuar.com\/wp-content\/uploads\/2021\/01\/IMG_1624.jpeg'><img width=\"1536\" height=\"1152\" src=\"http:\/\/www.zirveaksesuar.com\/wp-content\/uploads\/2021\/01\/IMG_1624-1536x1152.jpeg\" class=\"attachment-1536x1536 size-1536x1536\" alt=\"\" loading=\"lazy\" srcset=\"http:\/\/www.zirveaksesuar.com\/wp-content\/uploads\/2021\/01\/IMG_1624-1536x1152.jpeg 1536w, http:\/\/www.zirveaksesuar.com\/wp-content\/uploads\/2021\/01\/IMG_1624-300x225.jpeg 300w, http:\/\/www.zirveaksesuar.com\/wp-content\/uploads\/2021\/01\/IMG_1624-1024x768.jpeg 1024w, http:\/\/www.zirveaksesuar.com\/wp-content\/uploads\/2021\/01\/IMG_1624-768x576.jpeg 768w, http:\/\/www.zirveaksesuar.com\/wp-content\/uploads\/2021\/01\/IMG_1624.jpeg 2048w\" sizes=\"(max-width: 1536px) 100vw, 1536px\" \/><\/a>\n\t\t\t<\/dt><\/dl><br style=\"clear: both\" \/><dl class='gallery-item'>\n\t\t\t<dt class='gallery-icon landscape'>\n\t\t\t\t<a data-elementor-open-lightbox=\"yes\" data-elementor-lightbox-slideshow=\"32c8d56\" href='http:\/\/www.zirveaksesuar.com\/wp-content\/uploads\/2021\/01\/IMG_1623.jpeg'><img width=\"1536\" height=\"1152\" src=\"http:\/\/www.zirveaksesuar.com\/wp-content\/uploads\/2021\/01\/IMG_1623-1536x1152.jpeg\" class=\"attachment-1536x1536 size-1536x1536\" alt=\"\" loading=\"lazy\" srcset=\"http:\/\/www.zirveaksesuar.com\/wp-content\/uploads\/2021\/01\/IMG_1623-1536x1152.jpeg 1536w, http:\/\/www.zirveaksesuar.com\/wp-content\/uploads\/2021\/01\/IMG_1623-300x225.jpeg 300w, http:\/\/www.zirveaksesuar.com\/wp-content\/uploads\/2021\/01\/IMG_1623-1024x768.jpeg 1024w, http:\/\/www.zirveaksesuar.com\/wp-content\/uploads\/2021\/01\/IMG_1623-768x576.jpeg 768w, http:\/\/www.zirveaksesuar.com\/wp-content\/uploads\/2021\/01\/IMG_1623.jpeg 2048w\" sizes=\"(max-width: 1536px) 100vw, 1536px\" \/><\/a>\n\t\t\t<\/dt><\/dl><dl class='gallery-item'>\n\t\t\t<dt class='gallery-icon landscape'>\n\t\t\t\t<a data-elementor-open-lightbox=\"yes\" data-elementor-lightbox-slideshow=\"32c8d56\" href='http:\/\/www.zirveaksesuar.com\/wp-content\/uploads\/2021\/01\/IMG_1622.jpeg'><img width=\"1536\" height=\"1152\" src=\"http:\/\/www.zirveaksesuar.com\/wp-content\/uploads\/2021\/01\/IMG_1622-1536x1152.jpeg\" class=\"attachment-1536x1536 size-1536x1536\" alt=\"\" loading=\"lazy\" srcset=\"http:\/\/www.zirveaksesuar.com\/wp-content\/uploads\/2021\/01\/IMG_1622-1536x1152.jpeg 1536w, http:\/\/www.zirveaksesuar.com\/wp-content\/uploads\/2021\/01\/IMG_1622-300x225.jpeg 300w, http:\/\/www.zirveaksesuar.com\/wp-content\/uploads\/2021\/01\/IMG_1622-1024x768.jpeg 1024w, http:\/\/www.zirveaksesuar.com\/wp-content\/uploads\/2021\/01\/IMG_1622-768x576.jpeg 768w, http:\/\/www.zirveaksesuar.com\/wp-content\/uploads\/2021\/01\/IMG_1622.jpeg 2048w\" sizes=\"(max-width: 1536px) 100vw, 1536px\" \/><\/a>\n\t\t\t<\/dt><\/dl><br style=\"clear: both\" \/><dl class='gallery-item'>\n\t\t\t<dt class='gallery-icon landscape'>\n\t\t\t\t<a data-elementor-open-lightbox=\"yes\" data-elementor-lightbox-slideshow=\"32c8d56\" href='http:\/\/www.zirveaksesuar.com\/wp-content\/uploads\/2021\/01\/IMG_1621.jpeg'><img width=\"1536\" height=\"1152\" src=\"http:\/\/www.zirveaksesuar.com\/wp-content\/uploads\/2021\/01\/IMG_1621-1536x1152.jpeg\" class=\"attachment-1536x1536 size-1536x1536\" alt=\"\" loading=\"lazy\" srcset=\"http:\/\/www.zirveaksesuar.com\/wp-content\/uploads\/2021\/01\/IMG_1621-1536x1152.jpeg 1536w, http:\/\/www.zirveaksesuar.com\/wp-content\/uploads\/2021\/01\/IMG_1621-300x225.jpeg 300w, http:\/\/www.zirveaksesuar.com\/wp-content\/uploads\/2021\/01\/IMG_1621-1024x768.jpeg 1024w, http:\/\/www.zirveaksesuar.com\/wp-content\/uploads\/2021\/01\/IMG_1621-768x576.jpeg 768w, http:\/\/www.zirveaksesuar.com\/wp-content\/uploads\/2021\/01\/IMG_1621.jpeg 2048w\" sizes=\"(max-width: 1536px) 100vw, 1536px\" \/><\/a>\n\t\t\t<\/dt><\/dl><dl class='gallery-item'>\n\t\t\t<dt class='gallery-icon landscape'>\n\t\t\t\t<a data-elementor-open-lightbox=\"yes\" data-elementor-lightbox-slideshow=\"32c8d56\" href='http:\/\/www.zirveaksesuar.com\/wp-content\/uploads\/2021\/01\/IMG_1620.jpeg'><img width=\"1536\" height=\"1152\" src=\"http:\/\/www.zirveaksesuar.com\/wp-content\/uploads\/2021\/01\/IMG_1620-1536x1152.jpeg\" class=\"attachment-1536x1536 size-1536x1536\" alt=\"\" loading=\"lazy\" srcset=\"http:\/\/www.zirveaksesuar.com\/wp-content\/uploads\/2021\/01\/IMG_1620-1536x1152.jpeg 1536w, http:\/\/www.zirveaksesuar.com\/wp-content\/uploads\/2021\/01\/IMG_1620-300x225.jpeg 300w, http:\/\/www.zirveaksesuar.com\/wp-content\/uploads\/2021\/01\/IMG_1620-1024x768.jpeg 1024w, http:\/\/www.zirveaksesuar.com\/wp-content\/uploads\/2021\/01\/IMG_1620-768x576.jpeg 768w, http:\/\/www.zirveaksesuar.com\/wp-content\/uploads\/2021\/01\/IMG_1620.jpeg 2048w\" sizes=\"(max-width: 1536px) 100vw, 1536px\" \/><\/a>\n\t\t\t<\/dt><\/dl><br style=\"clear: both\" \/><dl class='gallery-item'>\n\t\t\t<dt class='gallery-icon landscape'>\n\t\t\t\t<a data-elementor-open-lightbox=\"yes\" data-elementor-lightbox-slideshow=\"32c8d56\" href='http:\/\/www.zirveaksesuar.com\/wp-content\/uploads\/2021\/01\/IMG_1617.jpeg'><img width=\"1536\" height=\"1152\" src=\"http:\/\/www.zirveaksesuar.com\/wp-content\/uploads\/2021\/01\/IMG_1617-1536x1152.jpeg\" class=\"attachment-1536x1536 size-1536x1536\" alt=\"\" loading=\"lazy\" srcset=\"http:\/\/www.zirveaksesuar.com\/wp-content\/uploads\/2021\/01\/IMG_1617-1536x1152.jpeg 1536w, http:\/\/www.zirveaksesuar.com\/wp-content\/uploads\/2021\/01\/IMG_1617-300x225.jpeg 300w, http:\/\/www.zirveaksesuar.com\/wp-content\/uploads\/2021\/01\/IMG_1617-1024x768.jpeg 1024w, http:\/\/www.zirveaksesuar.com\/wp-content\/uploads\/2021\/01\/IMG_1617-768x576.jpeg 768w, http:\/\/www.zirveaksesuar.com\/wp-content\/uploads\/2021\/01\/IMG_1617.jpeg 2048w\" sizes=\"(max-width: 1536px) 100vw, 1536px\" \/><\/a>\n\t\t\t<\/dt><\/dl><dl class='gallery-item'>\n\t\t\t<dt class='gallery-icon landscape'>\n\t\t\t\t<a data-elementor-open-lightbox=\"yes\" data-elementor-lightbox-slideshow=\"32c8d56\" href='http:\/\/www.zirveaksesuar.com\/wp-content\/uploads\/2021\/01\/IMG_1616.jpeg'><img width=\"1536\" height=\"1152\" src=\"http:\/\/www.zirveaksesuar.com\/wp-content\/uploads\/2021\/01\/IMG_1616-1536x1152.jpeg\" class=\"attachment-1536x1536 size-1536x1536\" alt=\"\" loading=\"lazy\" srcset=\"http:\/\/www.zirveaksesuar.com\/wp-content\/uploads\/2021\/01\/IMG_1616-1536x1152.jpeg 1536w, http:\/\/www.zirveaksesuar.com\/wp-content\/uploads\/2021\/01\/IMG_1616-300x225.jpeg 300w, http:\/\/www.zirveaksesuar.com\/wp-content\/uploads\/2021\/01\/IMG_1616-1024x768.jpeg 1024w, http:\/\/www.zirveaksesuar.com\/wp-content\/uploads\/2021\/01\/IMG_1616-768x576.jpeg 768w, http:\/\/www.zirveaksesuar.com\/wp-content\/uploads\/2021\/01\/IMG_1616.jpeg 2048w\" sizes=\"(max-width: 1536px) 100vw, 1536px\" \/><\/a>\n\t\t\t<\/dt><\/dl><br style=\"clear: both\" \/><dl class='gallery-item'>\n\t\t\t<dt class='gallery-icon landscape'>\n\t\t\t\t<a data-elementor-open-lightbox=\"yes\" data-elementor-lightbox-slideshow=\"32c8d56\" href='http:\/\/www.zirveaksesuar.com\/wp-content\/uploads\/2021\/01\/IMG_1614.jpeg'><img width=\"1536\" height=\"1152\" src=\"http:\/\/www.zirveaksesuar.com\/wp-content\/uploads\/2021\/01\/IMG_1614-1536x1152.jpeg\" class=\"attachment-1536x1536 size-1536x1536\" alt=\"\" loading=\"lazy\" srcset=\"http:\/\/www.zirveaksesuar.com\/wp-content\/uploads\/2021\/01\/IMG_1614-1536x1152.jpeg 1536w, http:\/\/www.zirveaksesuar.com\/wp-content\/uploads\/2021\/01\/IMG_1614-300x225.jpeg 300w, http:\/\/www.zirveaksesuar.com\/wp-content\/uploads\/2021\/01\/IMG_1614-1024x768.jpeg 1024w, http:\/\/www.zirveaksesuar.com\/wp-content\/uploads\/2021\/01\/IMG_1614-768x576.jpeg 768w, http:\/\/www.zirveaksesuar.com\/wp-content\/uploads\/2021\/01\/IMG_1614.jpeg 2048w\" sizes=\"(max-width: 1536px) 100vw, 1536px\" \/><\/a>\n\t\t\t<\/dt><\/dl><dl class='gallery-item'>\n\t\t\t<dt class='gallery-icon landscape'>\n\t\t\t\t<a data-elementor-open-lightbox=\"yes\" data-elementor-lightbox-slideshow=\"32c8d56\" href='http:\/\/www.zirveaksesuar.com\/wp-content\/uploads\/2021\/01\/IMG_1613.jpeg'><img width=\"1536\" height=\"1152\" src=\"http:\/\/www.zirveaksesuar.com\/wp-content\/uploads\/2021\/01\/IMG_1613-1536x1152.jpeg\" class=\"attachment-1536x1536 size-1536x1536\" alt=\"\" loading=\"lazy\" srcset=\"http:\/\/www.zirveaksesuar.com\/wp-content\/uploads\/2021\/01\/IMG_1613-1536x1152.jpeg 1536w, http:\/\/www.zirveaksesuar.com\/wp-content\/uploads\/2021\/01\/IMG_1613-300x225.jpeg 300w, http:\/\/www.zirveaksesuar.com\/wp-content\/uploads\/2021\/01\/IMG_1613-1024x768.jpeg 1024w, http:\/\/www.zirveaksesuar.com\/wp-content\/uploads\/2021\/01\/IMG_1613-768x576.jpeg 768w, http:\/\/www.zirveaksesuar.com\/wp-content\/uploads\/2021\/01\/IMG_1613.jpeg 2048w\" sizes=\"(max-width: 1536px) 100vw, 1536px\" \/><\/a>\n\t\t\t<\/dt><\/dl><br style=\"clear: both\" \/>\n\t\t<\/div>\n\t\t<\/div>\n\t\t\t\t<\/div>\n\t\t\t\t<\/div>\n\t\t\t\t\t\t<\/div>\n\t\t\t\t\t<\/div>\n\t\t<\/div>\n\t\t\t\t\t\t\t\t<\/div>\n\t\t\t\t\t<\/div>\n\t\t<\/section>\n\t\t\t\t\t\t<\/div>\n\t\t\t\t\t\t<\/div>\n\t\t\t\t\t<\/div>\n\t\t","protected":false},"excerpt":{"rendered":"<p>http:\/\/www.zirveaksesuar.com\/wp-content\/uploads\/2021\/01\/IMG_8849-online-video-cutter.com_.mp4http:\/\/www.zirveaksesuar.com\/wp-content\/uploads\/2021\/01\/IMG_8846-online-video-cutter.com_.mp4 Bask\u0131 \u00dcr\u00fcnlerimiz<\/p>\n","protected":false},"author":1,"featured_media":0,"parent":0,"menu_order":0,"comment_status":"closed","ping_status":"closed","template":"","meta":[],"_links":{"self":[{"href":"http:\/\/www.zirveaksesuar.com\/index.php\/wp-json\/wp\/v2\/pages\/1778"}],"collection":[{"href":"http:\/\/www.zirveaksesuar.com\/index.php\/wp-json\/wp\/v2\/pages"}],"about":[{"href":"http:\/\/www.zirveaksesuar.com\/index.php\/wp-json\/wp\/v2\/types\/page"}],"author":[{"embeddable":true,"href":"http:\/\/www.zirveaksesuar.com\/index.php\/wp-json\/wp\/v2\/users\/1"}],"replies":[{"embeddable":true,"href":"http:\/\/www.zirveaksesuar.com\/index.php\/wp-json\/wp\/v2\/comments?post=1778"}],"version-history":[{"count":13,"href":"http:\/\/www.zirveaksesuar.com\/index.php\/wp-json\/wp\/v2\/pages\/1778\/revisions"}],"predecessor-version":[{"id":2184,"href":"http:\/\/www.zirveaksesuar.com\/index.php\/wp-json\/wp\/v2\/pages\/1778\/revisions\/2184"}],"wp:attachment":[{"href":"http:\/\/www.zirveaksesuar.com\/index.php\/wp-json\/wp\/v2\/media?parent=1778"}],"curies":[{"name":"wp","href":"https:\/\/api.w.org\/{rel}","templated":true}]}}