{"id":2036,"date":"2021-01-15T11:52:19","date_gmt":"2021-01-15T11:52:19","guid":{"rendered":"http:\/\/www.zirveaksesuar.com\/?page_id=2036"},"modified":"2021-01-15T12:10:31","modified_gmt":"2021-01-15T12:10:31","slug":"pvc-film","status":"publish","type":"page","link":"http:\/\/www.zirveaksesuar.com\/index.php\/pvc-film\/","title":{"rendered":"PVC F\u0130LM"},"content":{"rendered":"\t\t<div data-elementor-type=\"wp-page\" data-elementor-id=\"2036\" class=\"elementor elementor-2036\" data-elementor-settings=\"[]\">\n\t\t\t\t\t\t<div class=\"elementor-inner\">\n\t\t\t\t\t\t\t<div class=\"elementor-section-wrap\">\n\t\t\t\t\t\t\t<section class=\"elementor-section elementor-top-section elementor-element elementor-element-5c09968 elementor-section-boxed elementor-section-height-default elementor-section-height-default\" data-id=\"5c09968\" data-element_type=\"section\">\n\t\t\t\t\t\t<div class=\"elementor-container elementor-column-gap-default\">\n\t\t\t\t\t\t\t<div class=\"elementor-row\">\n\t\t\t\t\t<div class=\"elementor-column elementor-col-100 elementor-top-column elementor-element elementor-element-f7230bf\" data-id=\"f7230bf\" data-element_type=\"column\">\n\t\t\t<div class=\"elementor-column-wrap elementor-element-populated\">\n\t\t\t\t\t\t\t<div class=\"elementor-widget-wrap\">\n\t\t\t\t\t\t<section class=\"elementor-section elementor-inner-section elementor-element elementor-element-2080e11 elementor-section-boxed elementor-section-height-default elementor-section-height-default\" data-id=\"2080e11\" data-element_type=\"section\">\n\t\t\t\t\t\t<div class=\"elementor-container elementor-column-gap-default\">\n\t\t\t\t\t\t\t<div class=\"elementor-row\">\n\t\t\t\t\t<div class=\"elementor-column elementor-col-100 elementor-inner-column elementor-element elementor-element-dd079c1\" data-id=\"dd079c1\" data-element_type=\"column\">\n\t\t\t<div class=\"elementor-column-wrap elementor-element-populated\">\n\t\t\t\t\t\t\t<div class=\"elementor-widget-wrap\">\n\t\t\t\t\t\t<div class=\"elementor-element elementor-element-6e09792 elementor-widget elementor-widget-heading\" data-id=\"6e09792\" data-element_type=\"widget\" data-widget_type=\"heading.default\">\n\t\t\t\t<div class=\"elementor-widget-container\">\n\t\t\t<h1 class=\"elementor-heading-title elementor-size-default\">PVC F\u0130LM<\/h1>\t\t<\/div>\n\t\t\t\t<\/div>\n\t\t\t\t\t\t<\/div>\n\t\t\t\t\t<\/div>\n\t\t<\/div>\n\t\t\t\t\t\t\t\t<\/div>\n\t\t\t\t\t<\/div>\n\t\t<\/section>\n\t\t\t\t\t\t<\/div>\n\t\t\t\t\t<\/div>\n\t\t<\/div>\n\t\t\t\t\t\t\t\t<\/div>\n\t\t\t\t\t<\/div>\n\t\t<\/section>\n\t\t\t\t<section class=\"elementor-section elementor-top-section elementor-element elementor-element-5288bab elementor-section-boxed elementor-section-height-default elementor-section-height-default\" data-id=\"5288bab\" data-element_type=\"section\">\n\t\t\t\t\t\t<div class=\"elementor-container elementor-column-gap-default\">\n\t\t\t\t\t\t\t<div class=\"elementor-row\">\n\t\t\t\t\t<div class=\"elementor-column elementor-col-100 elementor-top-column elementor-element elementor-element-21cb042\" data-id=\"21cb042\" data-element_type=\"column\">\n\t\t\t<div class=\"elementor-column-wrap elementor-element-populated\">\n\t\t\t\t\t\t\t<div class=\"elementor-widget-wrap\">\n\t\t\t\t\t\t<section class=\"elementor-section elementor-inner-section elementor-element elementor-element-046c54e elementor-section-boxed elementor-section-height-default elementor-section-height-default\" data-id=\"046c54e\" data-element_type=\"section\">\n\t\t\t\t\t\t<div class=\"elementor-container elementor-column-gap-default\">\n\t\t\t\t\t\t\t<div class=\"elementor-row\">\n\t\t\t\t\t<div class=\"elementor-column elementor-col-50 elementor-inner-column elementor-element elementor-element-588380f\" data-id=\"588380f\" data-element_type=\"column\">\n\t\t\t<div class=\"elementor-column-wrap elementor-element-populated\">\n\t\t\t\t\t\t\t<div class=\"elementor-widget-wrap\">\n\t\t\t\t\t\t<div class=\"elementor-element elementor-element-4e06862 elementor-widget elementor-widget-image\" data-id=\"4e06862\" data-element_type=\"widget\" data-widget_type=\"image.default\">\n\t\t\t\t<div class=\"elementor-widget-container\">\n\t\t\t\t\t<div class=\"elementor-image\">\n\t\t\t\t\t\t\t\t\t\t<img width=\"750\" height=\"750\" src=\"http:\/\/www.zirveaksesuar.com\/wp-content\/uploads\/2021\/01\/98-1024x1024.png\" class=\"elementor-animation-grow attachment-large size-large\" alt=\"\" loading=\"lazy\" srcset=\"http:\/\/www.zirveaksesuar.com\/wp-content\/uploads\/2021\/01\/98-1024x1024.png 1024w, http:\/\/www.zirveaksesuar.com\/wp-content\/uploads\/2021\/01\/98-300x300.png 300w, http:\/\/www.zirveaksesuar.com\/wp-content\/uploads\/2021\/01\/98-150x150.png 150w, http:\/\/www.zirveaksesuar.com\/wp-content\/uploads\/2021\/01\/98-768x768.png 768w, http:\/\/www.zirveaksesuar.com\/wp-content\/uploads\/2021\/01\/98.png 1200w\" sizes=\"(max-width: 750px) 100vw, 750px\" \/>\t\t\t\t\t\t\t\t\t\t\t<\/div>\n\t\t\t\t<\/div>\n\t\t\t\t<\/div>\n\t\t\t\t\t\t<\/div>\n\t\t\t\t\t<\/div>\n\t\t<\/div>\n\t\t\t\t<div class=\"elementor-column elementor-col-50 elementor-inner-column elementor-element elementor-element-3d2e805\" data-id=\"3d2e805\" data-element_type=\"column\">\n\t\t\t<div class=\"elementor-column-wrap elementor-element-populated\">\n\t\t\t\t\t\t\t<div class=\"elementor-widget-wrap\">\n\t\t\t\t\t\t<div class=\"elementor-element elementor-element-7c6a641 elementor-widget elementor-widget-image\" data-id=\"7c6a641\" data-element_type=\"widget\" data-widget_type=\"image.default\">\n\t\t\t\t<div class=\"elementor-widget-container\">\n\t\t\t\t\t<div class=\"elementor-image\">\n\t\t\t\t\t\t\t\t\t\t<img width=\"750\" height=\"750\" src=\"http:\/\/www.zirveaksesuar.com\/wp-content\/uploads\/2021\/01\/96-1-1024x1024.png\" class=\"elementor-animation-grow attachment-large size-large\" alt=\"\" loading=\"lazy\" srcset=\"http:\/\/www.zirveaksesuar.com\/wp-content\/uploads\/2021\/01\/96-1-1024x1024.png 1024w, http:\/\/www.zirveaksesuar.com\/wp-content\/uploads\/2021\/01\/96-1-300x300.png 300w, http:\/\/www.zirveaksesuar.com\/wp-content\/uploads\/2021\/01\/96-1-150x150.png 150w, http:\/\/www.zirveaksesuar.com\/wp-content\/uploads\/2021\/01\/96-1-768x768.png 768w, http:\/\/www.zirveaksesuar.com\/wp-content\/uploads\/2021\/01\/96-1.png 1200w\" sizes=\"(max-width: 750px) 100vw, 750px\" \/>\t\t\t\t\t\t\t\t\t\t\t<\/div>\n\t\t\t\t<\/div>\n\t\t\t\t<\/div>\n\t\t\t\t\t\t<\/div>\n\t\t\t\t\t<\/div>\n\t\t<\/div>\n\t\t\t\t\t\t\t\t<\/div>\n\t\t\t\t\t<\/div>\n\t\t<\/section>\n\t\t\t\t\t\t<\/div>\n\t\t\t\t\t<\/div>\n\t\t<\/div>\n\t\t\t\t\t\t\t\t<\/div>\n\t\t\t\t\t<\/div>\n\t\t<\/section>\n\t\t\t\t<section class=\"elementor-section elementor-top-section elementor-element elementor-element-5a9c9fd elementor-section-boxed elementor-section-height-default elementor-section-height-default\" data-id=\"5a9c9fd\" data-element_type=\"section\">\n\t\t\t\t\t\t<div class=\"elementor-container elementor-column-gap-default\">\n\t\t\t\t\t\t\t<div class=\"elementor-row\">\n\t\t\t\t\t<div class=\"elementor-column elementor-col-100 elementor-top-column elementor-element elementor-element-47995ce\" data-id=\"47995ce\" data-element_type=\"column\">\n\t\t\t<div class=\"elementor-column-wrap elementor-element-populated\">\n\t\t\t\t\t\t\t<div class=\"elementor-widget-wrap\">\n\t\t\t\t\t\t<div class=\"elementor-element elementor-element-51f48e9 elementor-widget elementor-widget-heading\" data-id=\"51f48e9\" data-element_type=\"widget\" data-widget_type=\"heading.default\">\n\t\t\t\t<div class=\"elementor-widget-container\">\n\t\t\t<h2 class=\"elementor-heading-title elementor-size-default\"><ya-tr-span data-index=\"1435-0\" data-value=\"\n PVC d\u00fcnyada ilk ke\u015ffedilen termoplastiklerden birisidir. \" data-translation=\"\n PVC d\u00fcnyada ilk ke\u015ffedilen termoplastiklerden birisidir. \" data-type=\"trSpan\">\n  PVC d\u00fcnyada ilk ke\u015ffedilen termoplastiklerden birisidir. <\/ya-tr-span><ya-tr-span data-index=\"1435-1\" data-value=\"PVC\u2019nin monomeri etilenden ve klordan elde edilen vinilklor\u00fcrd\u00fcr. \" data-translation=\"PVC\u2019nin monomeri etilenden ve klordan elde edilen vinilklor\u00fcrd\u00fcr. \" data-type=\"trSpan\">PVC\u2019nin monomeri etilenden ve klordan elde edilen vinilklor\u00fcrd\u00fcr. <\/ya-tr-span><ya-tr-span data-index=\"1435-2\" data-value=\"PVC \u00fcr\u00fcnleri genelde sert (rijid), yumu\u015fak (soft), olmak \u00fczere iki ana gruba ayr\u0131l\u0131r. \" data-translation=\"PVC \u00fcr\u00fcnleri genelde sert (rijid), yumu\u015fak (soft), olmak \u00fczere iki ana gruba ayr\u0131l\u0131r. \" data-type=\"trSpan\">PVC \u00fcr\u00fcnleri genelde sert (rijid), yumu\u015fak (soft), olmak \u00fczere iki ana gruba ayr\u0131l\u0131r. <\/ya-tr-span><ya-tr-span data-index=\"1435-3\" data-value=\"Sert PVC\u2019ler genellikle boru ve profil, yumu\u015faklar ise film ve folyo gibi mam\u00fcllerin \u00fcretiminde kullan\u0131l\u0131r. \" data-translation=\"Sert PVC\u2019ler genellikle boru ve profil, yumu\u015faklar ise film ve folyo gibi mam\u00fcllerin \u00fcretiminde kullan\u0131l\u0131r. \" data-type=\"trSpan\">Sert PVC\u2019ler genellikle boru ve profil, yumu\u015faklar ise film ve folyo gibi mam\u00fcllerin \u00fcretiminde kullan\u0131l\u0131r. <\/ya-tr-span><br><ya-tr-span data-index=\"1435-4\" data-value=\" PVC g\u00fcn\u00fcm\u00fczde kulland\u0131\u011f\u0131m\u0131z plastikler aras\u0131nda en fazla ra\u011fbet g\u00f6renidir. \" data-translation=\" PVC g\u00fcn\u00fcm\u00fczde kulland\u0131\u011f\u0131m\u0131z plastikler aras\u0131nda en fazla ra\u011fbet g\u00f6renidir. \" data-type=\"trSpan\">  PVC g\u00fcn\u00fcm\u00fczde kulland\u0131\u011f\u0131m\u0131z plastikler aras\u0131nda en fazla ra\u011fbet g\u00f6renidir. <\/ya-tr-span><ya-tr-span data-index=\"1435-5\" data-value=\"\u0130lk bulunanlardan oldu\u011fu gibi hala en \u00e7ok kullan\u0131lanlardand\u0131r. \" data-translation=\"\u0130lk bulunanlardan oldu\u011fu gibi hala en \u00e7ok kullan\u0131lanlardand\u0131r. \" data-type=\"trSpan\">\u0130lk bulunanlardan oldu\u011fu gibi hala en \u00e7ok kullan\u0131lanlardand\u0131r. <\/ya-tr-span><ya-tr-span data-index=\"1435-6\" data-value=\"PVC yan\u0131c\u0131 de\u011fildir, \u00fcretimi alternatiflerine g\u00f6re daha kolayd\u0131r; kimyasal ve fiziksel \u00f6zellikleri sayesinde kullan\u0131m alan\u0131 artmaktad\u0131r.\" data-translation=\"PVC yan\u0131c\u0131 de\u011fildir, \u00fcretimi alternatiflerine g\u00f6re daha kolayd\u0131r; kimyasal ve fiziksel \u00f6zellikleri sayesinde kullan\u0131m alan\u0131 artmaktad\u0131r.\" data-type=\"trSpan\">PVC yan\u0131c\u0131 de\u011fildir, \u00fcretimi alternatiflerine g\u00f6re daha kolayd\u0131r; kimyasal ve fiziksel \u00f6zellikleri sayesinde kullan\u0131m alan\u0131 artmaktad\u0131r.<\/ya-tr-span><br><ya-tr-span data-index=\"1436-0\" data-value=\" PVC; karbon, hidrojen ve klor atonlar\u0131 i\u00e7eren makro molek\u00fcllerden olu\u015fmu\u015f bir plastiktir. \" data-translation=\" PVC; karbon, hidrojen ve klor atonlar\u0131 i\u00e7eren makro molek\u00fcllerden olu\u015fmu\u015f bir plastiktir. \" data-type=\"trSpan\">  PVC; karbon, hidrojen ve klor atonlar\u0131 i\u00e7eren makro molek\u00fcllerden olu\u015fmu\u015f bir plastiktir. <\/ya-tr-span><ya-tr-span data-index=\"1436-1\" data-value=\"P\n\" data-translation=\"P\n\" data-type=\"trSpan\">Penceredem, ara\u00e7lar\u0131n g\u00f6sterge panolar\u0131na kadar hayat\u0131m\u0131zda pek \u00e7ok kullan\u0131m alan\u0131 bulunmaktad\u0131r. \n<\/ya-tr-span><br><br><ya-tr-span data-index=\"1437-2\" data-value=\"\" data-translation=\"\" data-type=\"trSpan\"><\/ya-tr-span><\/h2>\t\t<\/div>\n\t\t\t\t<\/div>\n\t\t\t\t\t\t<\/div>\n\t\t\t\t\t<\/div>\n\t\t<\/div>\n\t\t\t\t\t\t\t\t<\/div>\n\t\t\t\t\t<\/div>\n\t\t<\/section>\n\t\t\t\t\t\t<\/div>\n\t\t\t\t\t\t<\/div>\n\t\t\t\t\t<\/div>\n\t\t","protected":false},"excerpt":{"rendered":"<p>PVC F\u0130LM PVC d\u00fcnyada ilk ke\u015ffedilen termoplastiklerden birisidir. PVC\u2019nin monomeri etilenden ve klordan elde edilen vinilklor\u00fcrd\u00fcr. PVC \u00fcr\u00fcnleri genelde sert (rijid), yumu\u015fak (soft), olmak \u00fczere iki ana gruba ayr\u0131l\u0131r. Sert PVC\u2019ler genellikle boru ve profil, yumu\u015faklar ise film ve folyo gibi mam\u00fcllerin \u00fcretiminde kullan\u0131l\u0131r. PVC g\u00fcn\u00fcm\u00fczde kulland\u0131\u011f\u0131m\u0131z plastikler aras\u0131nda en fazla ra\u011fbet g\u00f6renidir. \u0130lk bulunanlardan [&hellip;]<\/p>\n","protected":false},"author":1,"featured_media":0,"parent":0,"menu_order":0,"comment_status":"closed","ping_status":"closed","template":"","meta":[],"_links":{"self":[{"href":"http:\/\/www.zirveaksesuar.com\/index.php\/wp-json\/wp\/v2\/pages\/2036"}],"collection":[{"href":"http:\/\/www.zirveaksesuar.com\/index.php\/wp-json\/wp\/v2\/pages"}],"about":[{"href":"http:\/\/www.zirveaksesuar.com\/index.php\/wp-json\/wp\/v2\/types\/page"}],"author":[{"embeddable":true,"href":"http:\/\/www.zirveaksesuar.com\/index.php\/wp-json\/wp\/v2\/users\/1"}],"replies":[{"embeddable":true,"href":"http:\/\/www.zirveaksesuar.com\/index.php\/wp-json\/wp\/v2\/comments?post=2036"}],"version-history":[{"count":19,"href":"http:\/\/www.zirveaksesuar.com\/index.php\/wp-json\/wp\/v2\/pages\/2036\/revisions"}],"predecessor-version":[{"id":2060,"href":"http:\/\/www.zirveaksesuar.com\/index.php\/wp-json\/wp\/v2\/pages\/2036\/revisions\/2060"}],"wp:attachment":[{"href":"http:\/\/www.zirveaksesuar.com\/index.php\/wp-json\/wp\/v2\/media?parent=2036"}],"curies":[{"name":"wp","href":"https:\/\/api.w.org\/{rel}","templated":true}]}}