{"id":2145,"date":"2021-01-15T14:03:42","date_gmt":"2021-01-15T14:03:42","guid":{"rendered":"http:\/\/www.zirveaksesuar.com\/?page_id=2145"},"modified":"2021-01-15T14:03:49","modified_gmt":"2021-01-15T14:03:49","slug":"agac-dugme","status":"publish","type":"page","link":"http:\/\/www.zirveaksesuar.com\/index.php\/agac-dugme\/","title":{"rendered":"A\u011fa\u00e7 D\u00fc\u011fme"},"content":{"rendered":"\t\t<div data-elementor-type=\"wp-page\" data-elementor-id=\"2145\" class=\"elementor elementor-2145\" data-elementor-settings=\"[]\">\n\t\t\t\t\t\t<div class=\"elementor-inner\">\n\t\t\t\t\t\t\t<div class=\"elementor-section-wrap\">\n\t\t\t\t\t\t\t<section class=\"elementor-section elementor-top-section elementor-element elementor-element-3c9a3ae elementor-section-boxed elementor-section-height-default elementor-section-height-default\" data-id=\"3c9a3ae\" data-element_type=\"section\">\n\t\t\t\t\t\t<div class=\"elementor-container elementor-column-gap-default\">\n\t\t\t\t\t\t\t<div class=\"elementor-row\">\n\t\t\t\t\t<div class=\"elementor-column elementor-col-100 elementor-top-column elementor-element elementor-element-f52664a\" data-id=\"f52664a\" data-element_type=\"column\">\n\t\t\t<div class=\"elementor-column-wrap elementor-element-populated\">\n\t\t\t\t\t\t\t<div class=\"elementor-widget-wrap\">\n\t\t\t\t\t\t<section class=\"elementor-section elementor-inner-section elementor-element elementor-element-1789f1b elementor-section-boxed elementor-section-height-default elementor-section-height-default\" data-id=\"1789f1b\" data-element_type=\"section\">\n\t\t\t\t\t\t<div class=\"elementor-container elementor-column-gap-default\">\n\t\t\t\t\t\t\t<div class=\"elementor-row\">\n\t\t\t\t\t<div class=\"elementor-column elementor-col-100 elementor-inner-column elementor-element elementor-element-7cba853\" data-id=\"7cba853\" data-element_type=\"column\">\n\t\t\t<div class=\"elementor-column-wrap elementor-element-populated\">\n\t\t\t\t\t\t\t<div class=\"elementor-widget-wrap\">\n\t\t\t\t\t\t<div class=\"elementor-element elementor-element-57a1fa7 elementor-widget elementor-widget-heading\" data-id=\"57a1fa7\" data-element_type=\"widget\" data-widget_type=\"heading.default\">\n\t\t\t\t<div class=\"elementor-widget-container\">\n\t\t\t<h1 class=\"elementor-heading-title elementor-size-default\"><ya-tr-span data-index=\"343-0\" data-value=\"Plastik D\u00fc\u011fme\" data-translation=\"Plastik D\u00fc\u011fme\" data-type=\"trSpan\">A\u011fa\u00e7 D\u00fc\u011fme<\/ya-tr-span><ya-tr-span data-index=\"343-0\" data-value=\"\" data-translation=\"\" data-type=\"trSpan\"><\/ya-tr-span><\/h1>\t\t<\/div>\n\t\t\t\t<\/div>\n\t\t\t\t\t\t<\/div>\n\t\t\t\t\t<\/div>\n\t\t<\/div>\n\t\t\t\t\t\t\t\t<\/div>\n\t\t\t\t\t<\/div>\n\t\t<\/section>\n\t\t\t\t\t\t<\/div>\n\t\t\t\t\t<\/div>\n\t\t<\/div>\n\t\t\t\t\t\t\t\t<\/div>\n\t\t\t\t\t<\/div>\n\t\t<\/section>\n\t\t\t\t<section class=\"elementor-section elementor-top-section elementor-element elementor-element-ed799bb elementor-section-boxed elementor-section-height-default elementor-section-height-default\" data-id=\"ed799bb\" data-element_type=\"section\">\n\t\t\t\t\t\t<div class=\"elementor-container elementor-column-gap-default\">\n\t\t\t\t\t\t\t<div class=\"elementor-row\">\n\t\t\t\t\t<div class=\"elementor-column elementor-col-100 elementor-top-column elementor-element elementor-element-d4ba819\" data-id=\"d4ba819\" data-element_type=\"column\">\n\t\t\t<div class=\"elementor-column-wrap elementor-element-populated\">\n\t\t\t\t\t\t\t<div class=\"elementor-widget-wrap\">\n\t\t\t\t\t\t<div class=\"elementor-element elementor-element-0de8d26 elementor-widget elementor-widget-spacer\" data-id=\"0de8d26\" data-element_type=\"widget\" data-widget_type=\"spacer.default\">\n\t\t\t\t<div class=\"elementor-widget-container\">\n\t\t\t\t\t<div class=\"elementor-spacer\">\n\t\t\t<div class=\"elementor-spacer-inner\"><\/div>\n\t\t<\/div>\n\t\t\t\t<\/div>\n\t\t\t\t<\/div>\n\t\t\t\t\t\t<\/div>\n\t\t\t\t\t<\/div>\n\t\t<\/div>\n\t\t\t\t\t\t\t\t<\/div>\n\t\t\t\t\t<\/div>\n\t\t<\/section>\n\t\t\t\t<section class=\"elementor-section elementor-top-section elementor-element elementor-element-f78be7d elementor-section-boxed elementor-section-height-default elementor-section-height-default\" data-id=\"f78be7d\" data-element_type=\"section\">\n\t\t\t\t\t\t<div class=\"elementor-container elementor-column-gap-default\">\n\t\t\t\t\t\t\t<div class=\"elementor-row\">\n\t\t\t\t\t<div class=\"elementor-column elementor-col-100 elementor-top-column elementor-element elementor-element-c2f7acf\" data-id=\"c2f7acf\" data-element_type=\"column\">\n\t\t\t<div class=\"elementor-column-wrap elementor-element-populated\">\n\t\t\t\t\t\t\t<div class=\"elementor-widget-wrap\">\n\t\t\t\t\t\t<div class=\"elementor-element elementor-element-f5fb0b8 gallery-spacing-custom elementor-invisible elementor-widget elementor-widget-image-gallery\" data-id=\"f5fb0b8\" data-element_type=\"widget\" data-settings=\"{&quot;_animation&quot;:&quot;fadeInUp&quot;}\" data-widget_type=\"image-gallery.default\">\n\t\t\t\t<div class=\"elementor-widget-container\">\n\t\t\t\t\t<div class=\"elementor-image-gallery\">\n\t\t\t\n\t\t<style type=\"text\/css\">\n\t\t\t#gallery-1 {\n\t\t\t\tmargin: auto;\n\t\t\t}\n\t\t\t#gallery-1 .gallery-item {\n\t\t\t\tfloat: left;\n\t\t\t\tmargin-top: 10px;\n\t\t\t\ttext-align: center;\n\t\t\t\twidth: 33%;\n\t\t\t}\n\t\t\t#gallery-1 img {\n\t\t\t\tborder: 2px solid #cfcfcf;\n\t\t\t}\n\t\t\t#gallery-1 .gallery-caption {\n\t\t\t\tmargin-left: 0;\n\t\t\t}\n\t\t\t\/* see gallery_shortcode() in wp-includes\/media.php *\/\n\t\t<\/style>\n\t\t<div id='gallery-1' class='gallery galleryid-2145 gallery-columns-3 gallery-size-1536x1536'><dl class='gallery-item'>\n\t\t\t<dt class='gallery-icon landscape'>\n\t\t\t\t<a data-elementor-open-lightbox=\"yes\" data-elementor-lightbox-slideshow=\"f5fb0b8\" href='http:\/\/www.zirveaksesuar.com\/wp-content\/uploads\/2021\/01\/44-2.png'><img width=\"1200\" height=\"1200\" src=\"http:\/\/www.zirveaksesuar.com\/wp-content\/uploads\/2021\/01\/44-2.png\" class=\"attachment-1536x1536 size-1536x1536\" alt=\"\" loading=\"lazy\" srcset=\"http:\/\/www.zirveaksesuar.com\/wp-content\/uploads\/2021\/01\/44-2.png 1200w, http:\/\/www.zirveaksesuar.com\/wp-content\/uploads\/2021\/01\/44-2-300x300.png 300w, http:\/\/www.zirveaksesuar.com\/wp-content\/uploads\/2021\/01\/44-2-1024x1024.png 1024w, http:\/\/www.zirveaksesuar.com\/wp-content\/uploads\/2021\/01\/44-2-150x150.png 150w, http:\/\/www.zirveaksesuar.com\/wp-content\/uploads\/2021\/01\/44-2-768x768.png 768w\" sizes=\"(max-width: 1200px) 100vw, 1200px\" \/><\/a>\n\t\t\t<\/dt><\/dl><dl class='gallery-item'>\n\t\t\t<dt class='gallery-icon landscape'>\n\t\t\t\t<a data-elementor-open-lightbox=\"yes\" data-elementor-lightbox-slideshow=\"f5fb0b8\" href='http:\/\/www.zirveaksesuar.com\/wp-content\/uploads\/2021\/01\/40.png'><img width=\"1200\" height=\"1200\" src=\"http:\/\/www.zirveaksesuar.com\/wp-content\/uploads\/2021\/01\/40.png\" class=\"attachment-1536x1536 size-1536x1536\" alt=\"\" loading=\"lazy\" srcset=\"http:\/\/www.zirveaksesuar.com\/wp-content\/uploads\/2021\/01\/40.png 1200w, http:\/\/www.zirveaksesuar.com\/wp-content\/uploads\/2021\/01\/40-300x300.png 300w, http:\/\/www.zirveaksesuar.com\/wp-content\/uploads\/2021\/01\/40-1024x1024.png 1024w, http:\/\/www.zirveaksesuar.com\/wp-content\/uploads\/2021\/01\/40-150x150.png 150w, http:\/\/www.zirveaksesuar.com\/wp-content\/uploads\/2021\/01\/40-768x768.png 768w\" sizes=\"(max-width: 1200px) 100vw, 1200px\" \/><\/a>\n\t\t\t<\/dt><\/dl><dl class='gallery-item'>\n\t\t\t<dt class='gallery-icon landscape'>\n\t\t\t\t<a data-elementor-open-lightbox=\"yes\" data-elementor-lightbox-slideshow=\"f5fb0b8\" href='http:\/\/www.zirveaksesuar.com\/wp-content\/uploads\/2021\/01\/41-1.png'><img width=\"1200\" height=\"1200\" src=\"http:\/\/www.zirveaksesuar.com\/wp-content\/uploads\/2021\/01\/41-1.png\" class=\"attachment-1536x1536 size-1536x1536\" alt=\"\" loading=\"lazy\" srcset=\"http:\/\/www.zirveaksesuar.com\/wp-content\/uploads\/2021\/01\/41-1.png 1200w, http:\/\/www.zirveaksesuar.com\/wp-content\/uploads\/2021\/01\/41-1-300x300.png 300w, http:\/\/www.zirveaksesuar.com\/wp-content\/uploads\/2021\/01\/41-1-1024x1024.png 1024w, http:\/\/www.zirveaksesuar.com\/wp-content\/uploads\/2021\/01\/41-1-150x150.png 150w, http:\/\/www.zirveaksesuar.com\/wp-content\/uploads\/2021\/01\/41-1-768x768.png 768w\" sizes=\"(max-width: 1200px) 100vw, 1200px\" \/><\/a>\n\t\t\t<\/dt><\/dl><br style=\"clear: both\" \/><dl class='gallery-item'>\n\t\t\t<dt class='gallery-icon landscape'>\n\t\t\t\t<a data-elementor-open-lightbox=\"yes\" data-elementor-lightbox-slideshow=\"f5fb0b8\" href='http:\/\/www.zirveaksesuar.com\/wp-content\/uploads\/2021\/01\/42-1.png'><img width=\"1200\" height=\"1200\" src=\"http:\/\/www.zirveaksesuar.com\/wp-content\/uploads\/2021\/01\/42-1.png\" class=\"attachment-1536x1536 size-1536x1536\" alt=\"\" loading=\"lazy\" srcset=\"http:\/\/www.zirveaksesuar.com\/wp-content\/uploads\/2021\/01\/42-1.png 1200w, http:\/\/www.zirveaksesuar.com\/wp-content\/uploads\/2021\/01\/42-1-300x300.png 300w, http:\/\/www.zirveaksesuar.com\/wp-content\/uploads\/2021\/01\/42-1-1024x1024.png 1024w, http:\/\/www.zirveaksesuar.com\/wp-content\/uploads\/2021\/01\/42-1-150x150.png 150w, http:\/\/www.zirveaksesuar.com\/wp-content\/uploads\/2021\/01\/42-1-768x768.png 768w\" sizes=\"(max-width: 1200px) 100vw, 1200px\" \/><\/a>\n\t\t\t<\/dt><\/dl><dl class='gallery-item'>\n\t\t\t<dt class='gallery-icon landscape'>\n\t\t\t\t<a data-elementor-open-lightbox=\"yes\" data-elementor-lightbox-slideshow=\"f5fb0b8\" href='http:\/\/www.zirveaksesuar.com\/wp-content\/uploads\/2021\/01\/43-1.png'><img width=\"1200\" height=\"1200\" src=\"http:\/\/www.zirveaksesuar.com\/wp-content\/uploads\/2021\/01\/43-1.png\" class=\"attachment-1536x1536 size-1536x1536\" alt=\"\" loading=\"lazy\" srcset=\"http:\/\/www.zirveaksesuar.com\/wp-content\/uploads\/2021\/01\/43-1.png 1200w, http:\/\/www.zirveaksesuar.com\/wp-content\/uploads\/2021\/01\/43-1-300x300.png 300w, http:\/\/www.zirveaksesuar.com\/wp-content\/uploads\/2021\/01\/43-1-1024x1024.png 1024w, http:\/\/www.zirveaksesuar.com\/wp-content\/uploads\/2021\/01\/43-1-150x150.png 150w, http:\/\/www.zirveaksesuar.com\/wp-content\/uploads\/2021\/01\/43-1-768x768.png 768w\" sizes=\"(max-width: 1200px) 100vw, 1200px\" \/><\/a>\n\t\t\t<\/dt><\/dl>\n\t\t\t<br style='clear: both' \/>\n\t\t<\/div>\n\t\t<\/div>\n\t\t\t\t<\/div>\n\t\t\t\t<\/div>\n\t\t\t\t\t\t<\/div>\n\t\t\t\t\t<\/div>\n\t\t<\/div>\n\t\t\t\t\t\t\t\t<\/div>\n\t\t\t\t\t<\/div>\n\t\t<\/section>\n\t\t\t\t\t\t<\/div>\n\t\t\t\t\t\t<\/div>\n\t\t\t\t\t<\/div>\n\t\t","protected":false},"excerpt":{"rendered":"<p>A\u011fa\u00e7 D\u00fc\u011fme<\/p>\n","protected":false},"author":1,"featured_media":0,"parent":0,"menu_order":0,"comment_status":"closed","ping_status":"closed","template":"","meta":[],"_links":{"self":[{"href":"http:\/\/www.zirveaksesuar.com\/index.php\/wp-json\/wp\/v2\/pages\/2145"}],"collection":[{"href":"http:\/\/www.zirveaksesuar.com\/index.php\/wp-json\/wp\/v2\/pages"}],"about":[{"href":"http:\/\/www.zirveaksesuar.com\/index.php\/wp-json\/wp\/v2\/types\/page"}],"author":[{"embeddable":true,"href":"http:\/\/www.zirveaksesuar.com\/index.php\/wp-json\/wp\/v2\/users\/1"}],"replies":[{"embeddable":true,"href":"http:\/\/www.zirveaksesuar.com\/index.php\/wp-json\/wp\/v2\/comments?post=2145"}],"version-history":[{"count":4,"href":"http:\/\/www.zirveaksesuar.com\/index.php\/wp-json\/wp\/v2\/pages\/2145\/revisions"}],"predecessor-version":[{"id":2154,"href":"http:\/\/www.zirveaksesuar.com\/index.php\/wp-json\/wp\/v2\/pages\/2145\/revisions\/2154"}],"wp:attachment":[{"href":"http:\/\/www.zirveaksesuar.com\/index.php\/wp-json\/wp\/v2\/media?parent=2145"}],"curies":[{"name":"wp","href":"https:\/\/api.w.org\/{rel}","templated":true}]}}