{"id":22,"date":"2021-01-10T12:14:22","date_gmt":"2021-01-10T12:14:22","guid":{"rendered":"http:\/\/www.zirveaksesuar.com\/?page_id=22"},"modified":"2021-01-10T14:58:47","modified_gmt":"2021-01-10T14:58:47","slug":"makaslar-ve-cimbizlar","status":"publish","type":"page","link":"http:\/\/www.zirveaksesuar.com\/index.php\/makaslar-ve-cimbizlar\/","title":{"rendered":"Makaslar ve C\u0131mb\u0131zlar"},"content":{"rendered":"\t\t<div data-elementor-type=\"wp-page\" data-elementor-id=\"22\" class=\"elementor elementor-22\" data-elementor-settings=\"[]\">\n\t\t\t\t\t\t<div class=\"elementor-inner\">\n\t\t\t\t\t\t\t<div class=\"elementor-section-wrap\">\n\t\t\t\t\t\t\t<section class=\"elementor-section elementor-top-section elementor-element elementor-element-38d1285c elementor-section-boxed elementor-section-height-default elementor-section-height-default\" data-id=\"38d1285c\" data-element_type=\"section\">\n\t\t\t\t\t\t<div class=\"elementor-container elementor-column-gap-default\">\n\t\t\t\t\t\t\t<div class=\"elementor-row\">\n\t\t\t\t\t<div class=\"elementor-column elementor-col-33 elementor-top-column elementor-element elementor-element-3f64f510\" data-id=\"3f64f510\" data-element_type=\"column\">\n\t\t\t<div class=\"elementor-column-wrap elementor-element-populated\">\n\t\t\t\t\t\t\t<div class=\"elementor-widget-wrap\">\n\t\t\t\t\t\t<div class=\"elementor-element elementor-element-5979f8b6 elementor-widget elementor-widget-wp-widget-nav_menu\" data-id=\"5979f8b6\" data-element_type=\"widget\" data-widget_type=\"wp-widget-nav_menu.default\">\n\t\t\t\t<div class=\"elementor-widget-container\">\n\t\t\t<h5>AMBALAJ MALZEMELER\u0130<\/h5><div class=\"menu-ambalaj-malzemeleri-container\"><ul id=\"menu-ambalaj-malzemeleri\" class=\"menu\"><li id=\"menu-item-39\" class=\"menu-item menu-item-type-post_type menu-item-object-page menu-item-39\"><a href=\"http:\/\/www.zirveaksesuar.com\/index.php\/kilcik\/\">K\u0131l\u00e7\u0131k<\/a><\/li>\n<li id=\"menu-item-40\" class=\"menu-item menu-item-type-post_type menu-item-object-page menu-item-40\"><a href=\"http:\/\/www.zirveaksesuar.com\/index.php\/kilcik-tabancasi\/\">K\u0131l\u00e7\u0131k Tabancas\u0131<\/a><\/li>\n<li id=\"menu-item-41\" class=\"menu-item menu-item-type-post_type menu-item-object-page menu-item-41\"><a href=\"http:\/\/www.zirveaksesuar.com\/index.php\/kilcik-tabancasi-igneleri\/\">K\u0131l\u00e7\u0131k Tabancas\u0131 \u0130\u011fneleri<\/a><\/li>\n<li id=\"menu-item-42\" class=\"menu-item menu-item-type-post_type menu-item-object-page menu-item-42\"><a href=\"http:\/\/www.zirveaksesuar.com\/index.php\/rulo-kilcik\/\">Rulo K\u0131l\u00e7\u0131k<\/a><\/li>\n<li id=\"menu-item-43\" class=\"menu-item menu-item-type-post_type menu-item-object-page menu-item-43\"><a href=\"http:\/\/www.zirveaksesuar.com\/index.php\/makaslar-ve-cimbizlar\/\">Makaslar ve C\u0131mb\u0131zlar<\/a><\/li>\n<li id=\"menu-item-44\" class=\"menu-item menu-item-type-post_type menu-item-object-page menu-item-44\"><a href=\"http:\/\/www.zirveaksesuar.com\/index.php\/cengelli-ve-toplu-igne\/\">\u00c7engelli ve Toplu \u0130\u011fne<\/a><\/li>\n<li id=\"menu-item-45\" class=\"menu-item menu-item-type-post_type menu-item-object-page menu-item-45\"><a href=\"http:\/\/www.zirveaksesuar.com\/index.php\/metal-cetvel\/\">Metal Cetvel<\/a><\/li>\n<li id=\"menu-item-46\" class=\"menu-item menu-item-type-post_type menu-item-object-page menu-item-46\"><a href=\"http:\/\/www.zirveaksesuar.com\/index.php\/jut-ip\/\">J\u00fct \u0130p<\/a><\/li>\n<li id=\"menu-item-47\" class=\"menu-item menu-item-type-post_type menu-item-object-page menu-item-47\"><a href=\"http:\/\/www.zirveaksesuar.com\/index.php\/leke-spreyi\/\">Leke Spreyi<\/a><\/li>\n<li id=\"menu-item-48\" class=\"menu-item menu-item-type-post_type menu-item-object-page menu-item-48\"><a href=\"http:\/\/www.zirveaksesuar.com\/index.php\/utu-kolasi\/\">\u00dct\u00fc Kolas\u0131<\/a><\/li>\n<li id=\"menu-item-50\" class=\"menu-item menu-item-type-post_type menu-item-object-page menu-item-50\"><a href=\"http:\/\/www.zirveaksesuar.com\/index.php\/tekstil-ve-deri-kalemleri\/\">Tekstil ve Deri Kalemleri<\/a><\/li>\n<\/ul><\/div>\t\t<\/div>\n\t\t\t\t<\/div>\n\t\t\t\t\t\t<\/div>\n\t\t\t\t\t<\/div>\n\t\t<\/div>\n\t\t\t\t<div class=\"elementor-column elementor-col-66 elementor-top-column elementor-element elementor-element-3eb57431\" data-id=\"3eb57431\" data-element_type=\"column\">\n\t\t\t<div class=\"elementor-column-wrap elementor-element-populated\">\n\t\t\t\t\t\t\t<div class=\"elementor-widget-wrap\">\n\t\t\t\t\t\t<div class=\"elementor-element elementor-element-3ff3a86d elementor-widget elementor-widget-image-gallery\" data-id=\"3ff3a86d\" data-element_type=\"widget\" data-widget_type=\"image-gallery.default\">\n\t\t\t\t<div class=\"elementor-widget-container\">\n\t\t\t\t\t<div class=\"elementor-image-gallery\">\n\t\t\t\n\t\t<style type=\"text\/css\">\n\t\t\t#gallery-1 {\n\t\t\t\tmargin: auto;\n\t\t\t}\n\t\t\t#gallery-1 .gallery-item {\n\t\t\t\tfloat: left;\n\t\t\t\tmargin-top: 10px;\n\t\t\t\ttext-align: center;\n\t\t\t\twidth: 50%;\n\t\t\t}\n\t\t\t#gallery-1 img {\n\t\t\t\tborder: 2px solid #cfcfcf;\n\t\t\t}\n\t\t\t#gallery-1 .gallery-caption {\n\t\t\t\tmargin-left: 0;\n\t\t\t}\n\t\t\t\/* see gallery_shortcode() in wp-includes\/media.php *\/\n\t\t<\/style>\n\t\t<div id='gallery-1' class='gallery galleryid-22 gallery-columns-2 gallery-size-medium_large'><dl class='gallery-item'>\n\t\t\t<dt class='gallery-icon landscape'>\n\t\t\t\t<a data-elementor-open-lightbox=\"yes\" data-elementor-lightbox-slideshow=\"3ff3a86d\" data-elementor-lightbox-title=\"26\" href='http:\/\/www.zirveaksesuar.com\/wp-content\/uploads\/2021\/01\/26.png'><img width=\"750\" height=\"750\" src=\"http:\/\/www.zirveaksesuar.com\/wp-content\/uploads\/2021\/01\/26-768x768.png\" class=\"attachment-medium_large size-medium_large\" alt=\"\" loading=\"lazy\" srcset=\"http:\/\/www.zirveaksesuar.com\/wp-content\/uploads\/2021\/01\/26-768x768.png 768w, http:\/\/www.zirveaksesuar.com\/wp-content\/uploads\/2021\/01\/26-300x300.png 300w, http:\/\/www.zirveaksesuar.com\/wp-content\/uploads\/2021\/01\/26-1024x1024.png 1024w, http:\/\/www.zirveaksesuar.com\/wp-content\/uploads\/2021\/01\/26-150x150.png 150w, http:\/\/www.zirveaksesuar.com\/wp-content\/uploads\/2021\/01\/26.png 1200w\" sizes=\"(max-width: 750px) 100vw, 750px\" \/><\/a>\n\t\t\t<\/dt><\/dl><dl class='gallery-item'>\n\t\t\t<dt class='gallery-icon landscape'>\n\t\t\t\t<a data-elementor-open-lightbox=\"yes\" data-elementor-lightbox-slideshow=\"3ff3a86d\" data-elementor-lightbox-title=\"24\" href='http:\/\/www.zirveaksesuar.com\/wp-content\/uploads\/2021\/01\/24.png'><img width=\"750\" height=\"750\" src=\"http:\/\/www.zirveaksesuar.com\/wp-content\/uploads\/2021\/01\/24-768x768.png\" class=\"attachment-medium_large size-medium_large\" alt=\"\" loading=\"lazy\" srcset=\"http:\/\/www.zirveaksesuar.com\/wp-content\/uploads\/2021\/01\/24-768x768.png 768w, http:\/\/www.zirveaksesuar.com\/wp-content\/uploads\/2021\/01\/24-300x300.png 300w, http:\/\/www.zirveaksesuar.com\/wp-content\/uploads\/2021\/01\/24-1024x1024.png 1024w, http:\/\/www.zirveaksesuar.com\/wp-content\/uploads\/2021\/01\/24-150x150.png 150w, http:\/\/www.zirveaksesuar.com\/wp-content\/uploads\/2021\/01\/24.png 1200w\" sizes=\"(max-width: 750px) 100vw, 750px\" \/><\/a>\n\t\t\t<\/dt><\/dl><br style=\"clear: both\" \/><dl class='gallery-item'>\n\t\t\t<dt class='gallery-icon landscape'>\n\t\t\t\t<a data-elementor-open-lightbox=\"yes\" data-elementor-lightbox-slideshow=\"3ff3a86d\" data-elementor-lightbox-title=\"25\" href='http:\/\/www.zirveaksesuar.com\/wp-content\/uploads\/2021\/01\/25.png'><img width=\"750\" height=\"750\" src=\"http:\/\/www.zirveaksesuar.com\/wp-content\/uploads\/2021\/01\/25-768x768.png\" class=\"attachment-medium_large size-medium_large\" alt=\"\" loading=\"lazy\" srcset=\"http:\/\/www.zirveaksesuar.com\/wp-content\/uploads\/2021\/01\/25-768x768.png 768w, http:\/\/www.zirveaksesuar.com\/wp-content\/uploads\/2021\/01\/25-300x300.png 300w, http:\/\/www.zirveaksesuar.com\/wp-content\/uploads\/2021\/01\/25-1024x1024.png 1024w, http:\/\/www.zirveaksesuar.com\/wp-content\/uploads\/2021\/01\/25-150x150.png 150w, http:\/\/www.zirveaksesuar.com\/wp-content\/uploads\/2021\/01\/25.png 1200w\" sizes=\"(max-width: 750px) 100vw, 750px\" \/><\/a>\n\t\t\t<\/dt><\/dl><dl class='gallery-item'>\n\t\t\t<dt class='gallery-icon landscape'>\n\t\t\t\t<a data-elementor-open-lightbox=\"yes\" data-elementor-lightbox-slideshow=\"3ff3a86d\" data-elementor-lightbox-title=\"27\" href='http:\/\/www.zirveaksesuar.com\/wp-content\/uploads\/2021\/01\/27.png'><img width=\"750\" height=\"750\" src=\"http:\/\/www.zirveaksesuar.com\/wp-content\/uploads\/2021\/01\/27-768x768.png\" class=\"attachment-medium_large size-medium_large\" alt=\"\" loading=\"lazy\" srcset=\"http:\/\/www.zirveaksesuar.com\/wp-content\/uploads\/2021\/01\/27-768x768.png 768w, http:\/\/www.zirveaksesuar.com\/wp-content\/uploads\/2021\/01\/27-300x300.png 300w, http:\/\/www.zirveaksesuar.com\/wp-content\/uploads\/2021\/01\/27-1024x1024.png 1024w, http:\/\/www.zirveaksesuar.com\/wp-content\/uploads\/2021\/01\/27-150x150.png 150w, http:\/\/www.zirveaksesuar.com\/wp-content\/uploads\/2021\/01\/27.png 1200w\" sizes=\"(max-width: 750px) 100vw, 750px\" \/><\/a>\n\t\t\t<\/dt><\/dl><br style=\"clear: both\" \/>\n\t\t<\/div>\n\t\t<\/div>\n\t\t\t\t<\/div>\n\t\t\t\t<\/div>\n\t\t\t\t\t\t<\/div>\n\t\t\t\t\t<\/div>\n\t\t<\/div>\n\t\t\t\t\t\t\t\t<\/div>\n\t\t\t\t\t<\/div>\n\t\t<\/section>\n\t\t\t\t\t\t<\/div>\n\t\t\t\t\t\t<\/div>\n\t\t\t\t\t<\/div>\n\t\t","protected":false},"excerpt":{"rendered":"","protected":false},"author":1,"featured_media":0,"parent":0,"menu_order":0,"comment_status":"closed","ping_status":"closed","template":"","meta":[],"_links":{"self":[{"href":"http:\/\/www.zirveaksesuar.com\/index.php\/wp-json\/wp\/v2\/pages\/22"}],"collection":[{"href":"http:\/\/www.zirveaksesuar.com\/index.php\/wp-json\/wp\/v2\/pages"}],"about":[{"href":"http:\/\/www.zirveaksesuar.com\/index.php\/wp-json\/wp\/v2\/types\/page"}],"author":[{"embeddable":true,"href":"http:\/\/www.zirveaksesuar.com\/index.php\/wp-json\/wp\/v2\/users\/1"}],"replies":[{"embeddable":true,"href":"http:\/\/www.zirveaksesuar.com\/index.php\/wp-json\/wp\/v2\/comments?post=22"}],"version-history":[{"count":4,"href":"http:\/\/www.zirveaksesuar.com\/index.php\/wp-json\/wp\/v2\/pages\/22\/revisions"}],"predecessor-version":[{"id":196,"href":"http:\/\/www.zirveaksesuar.com\/index.php\/wp-json\/wp\/v2\/pages\/22\/revisions\/196"}],"wp:attachment":[{"href":"http:\/\/www.zirveaksesuar.com\/index.php\/wp-json\/wp\/v2\/media?parent=22"}],"curies":[{"name":"wp","href":"https:\/\/api.w.org\/{rel}","templated":true}]}}